{"id":519,"date":"2025-04-28T13:30:24","date_gmt":"2025-04-28T11:30:24","guid":{"rendered":"https:\/\/analemma-water.nl\/?page_id=519"},"modified":"2026-03-12T13:35:05","modified_gmt":"2026-03-12T12:35:05","slug":"faq","status":"publish","type":"page","link":"https:\/\/analemma-water.nl\/de\/faq\/","title":{"rendered":"FAQ"},"content":{"rendered":"<h1>FAQ<\/h1>\n<h2>H\u00e4ufig gestellte Fragen<\/h2>\n<div>Hier finden Sie Antworten auf h\u00e4ufig gestellte Fragen, Erl\u00e4uterungen zur Verwendung und Pflege von Produkten, Tipps usw.<\/div>\n<h3>Allgemeine Verwendung<\/h3>\n<hr>\n<div>\n<\/div>\n<h3>Funktional<\/h3>\n<hr>\n<div>\n<\/div>\n<h3>Aufbewahrung und Sicherheit<\/h3>\n<hr>\n<div>\n<\/div>\n<h3>Point of Use-Einheit<\/h3>\n<hr>\n<div>\n<\/div>\n<h3>Wasser-Einlage<\/h3>\n<hr>\n<div>\n<\/div>\n<h3>Wassersystem f\u00fcr das ganze Haus<\/h3>\n<hr>\n<div>\n<\/div>\n<h3>Water Bottle<\/h3>\n<hr>\n<div>\n<\/div>\n<p><img decoding=\"async\" src=\"\/wp-content\/uploads\/af-logo-analemma-trns.png\" alt=\"aw website filler 3\"><\/p>\n<h3>Haben Sie weitere Fragen, die auf dieser FAQ-Seite nicht beantwortet werden?<\/h3>\n<div>\n<p>Stellen Sie Ihre Frage online an Chatbot Anna!<\/p>\n<p>Sie k\u00f6nnen uns auch unter info@analemma-water.nl oder +31 85 12 49 018 kontaktieren, und unser Kundenservice wird Ihnen weiterhelfen.<\/p>\n<\/div>\n<p><!--more--><br \/>\n<!-- {\"type\":\"layout\",\"children\":[{\"type\":\"section\",\"props\":{\"divider_height\":\"120\",\"divider_position\":\"top\",\"divider_width\":\"100\",\"image_position\":\"center-center\",\"padding_custom_bottom\":\"40\",\"padding_custom_top\":\"40\",\"style\":\"default\",\"title_breakpoint\":\"xl\",\"title_position\":\"top-left\",\"title_rotation\":\"left\",\"vertical_align\":\"middle\",\"width\":\"default\"},\"children\":[{\"type\":\"row\",\"children\":[{\"type\":\"column\",\"props\":{\"image_position\":\"center-center\",\"position_sticky_breakpoint\":\"m\"},\"children\":[{\"type\":\"headline\",\"props\":{\"content\":\"FAQ\",\"image_align\":\"left\",\"image_margin\":\"xsmall\",\"title_element\":\"h1\"}},{\"type\":\"headline\",\"props\":{\"content\":\"H\u00e4ufig gestellte Fragen\",\"image_align\":\"left\",\"image_margin\":\"xsmall\",\"title_element\":\"h2\"}},{\"type\":\"text\",\"props\":{\"column_breakpoint\":\"m\",\"content\":\"Hier finden Sie Antworten auf h\u00e4ufig gestellte Fragen, Erl\u00e4uterungen zur Verwendung und Pflege von Produkten, Tipps usw.\",\"margin_bottom\":\"default\",\"margin_top\":\"default\"}}]}]}]},{\"type\":\"section\",\"props\":{\"divider_height\":\"120\",\"divider_position\":\"top\",\"divider_width\":\"100\",\"image_position\":\"center-center\",\"padding_custom_bottom\":\"40\",\"padding_custom_top\":\"40\",\"style\":\"default\",\"title_breakpoint\":\"xl\",\"title_position\":\"top-left\",\"title_rotation\":\"left\",\"vertical_align\":\"middle\",\"width\":\"default\"},\"children\":[{\"type\":\"row\",\"children\":[{\"type\":\"column\",\"props\":{\"image_position\":\"center-center\",\"position_sticky_breakpoint\":\"m\"},\"children\":[{\"type\":\"headline\",\"props\":{\"content\":\"Allgemeine Verwendung\",\"image_align\":\"left\",\"image_margin\":\"xsmall\",\"title_element\":\"h3\"}},{\"type\":\"divider\",\"props\":{\"divider_element\":\"hr\"}},{\"type\":\"accordion\",\"props\":{\"collapsible\":false,\"content_column_breakpoint\":\"m\",\"image_align\":\"top\",\"image_grid_breakpoint\":\"m\",\"image_grid_width\":\"1-2\",\"image_svg_color\":\"emphasis\",\"link_style\":\"default\",\"link_text\":\"Read more\",\"show_image\":true,\"show_link\":true},\"children\":[{\"type\":\"accordion_item\",\"source\":{\"query\":{\"name\":\"veelgesteldeVraags.customVeelgesteldeVraags\",\"arguments\":{\"terms\":[24],\"faq_categorie_operator\":\"IN\",\"users\":[],\"users_operator\":\"IN\",\"offset\":0,\"limit\":50,\"order\":\"date\",\"order_direction\":\"DESC\"}},\"props\":{\"title\":{\"name\":\"title\"},\"content\":{\"name\":\"field.antwoord\"}}}}]}]}]}]},{\"type\":\"section\",\"props\":{\"divider_height\":\"120\",\"divider_position\":\"top\",\"divider_width\":\"100\",\"image_position\":\"center-center\",\"padding_custom_bottom\":\"40\",\"padding_custom_top\":\"40\",\"style\":\"muted\",\"title_breakpoint\":\"xl\",\"title_position\":\"top-left\",\"title_rotation\":\"left\",\"vertical_align\":\"middle\",\"width\":\"default\"},\"children\":[{\"type\":\"row\",\"children\":[{\"type\":\"column\",\"props\":{\"image_position\":\"center-center\",\"position_sticky_breakpoint\":\"m\"},\"children\":[{\"type\":\"headline\",\"props\":{\"content\":\"Funktional\",\"image_align\":\"left\",\"image_margin\":\"xsmall\",\"title_element\":\"h3\"}},{\"type\":\"divider\",\"props\":{\"divider_element\":\"hr\"}},{\"type\":\"accordion\",\"props\":{\"collapsible\":false,\"content_column_breakpoint\":\"m\",\"image_align\":\"top\",\"image_grid_breakpoint\":\"m\",\"image_grid_width\":\"1-2\",\"image_svg_color\":\"emphasis\",\"link_style\":\"default\",\"link_text\":\"Read more\",\"show_image\":true,\"show_link\":true},\"children\":[{\"type\":\"accordion_item\",\"source\":{\"query\":{\"name\":\"veelgesteldeVraags.customVeelgesteldeVraags\",\"arguments\":{\"terms\":[25],\"faq_categorie_operator\":\"IN\",\"users\":[],\"users_operator\":\"IN\",\"offset\":0,\"limit\":50,\"order\":\"date\",\"order_direction\":\"DESC\"}},\"props\":{\"title\":{\"name\":\"title\"},\"content\":{\"name\":\"field.antwoord\"}}}}]}]}]}]},{\"type\":\"section\",\"props\":{\"divider_height\":\"120\",\"divider_position\":\"top\",\"divider_width\":\"100\",\"image_position\":\"center-center\",\"padding_custom_bottom\":\"40\",\"padding_custom_top\":\"40\",\"style\":\"default\",\"title_breakpoint\":\"xl\",\"title_position\":\"top-left\",\"title_rotation\":\"left\",\"vertical_align\":\"middle\",\"width\":\"default\"},\"children\":[{\"type\":\"row\",\"children\":[{\"type\":\"column\",\"props\":{\"image_position\":\"center-center\",\"position_sticky_breakpoint\":\"m\"},\"children\":[{\"type\":\"headline\",\"props\":{\"content\":\"Aufbewahrung und Sicherheit\",\"image_align\":\"left\",\"image_margin\":\"xsmall\",\"title_element\":\"h3\"}},{\"type\":\"divider\",\"props\":{\"divider_element\":\"hr\"}},{\"type\":\"accordion\",\"props\":{\"collapsible\":false,\"content_column_breakpoint\":\"m\",\"image_align\":\"top\",\"image_grid_breakpoint\":\"m\",\"image_grid_width\":\"1-2\",\"image_svg_color\":\"emphasis\",\"link_style\":\"default\",\"link_text\":\"Read more\",\"show_image\":true,\"show_link\":true},\"children\":[{\"type\":\"accordion_item\",\"source\":{\"query\":{\"name\":\"veelgesteldeVraags.customVeelgesteldeVraags\",\"arguments\":{\"terms\":[26],\"faq_categorie_operator\":\"IN\",\"users\":[],\"users_operator\":\"IN\",\"offset\":0,\"limit\":50,\"order\":\"date\",\"order_direction\":\"DESC\"}},\"props\":{\"title\":{\"name\":\"title\"},\"content\":{\"name\":\"field.antwoord\"}}}}]}]}]}]},{\"type\":\"section\",\"props\":{\"divider_height\":\"120\",\"divider_position\":\"top\",\"divider_width\":\"100\",\"image_position\":\"center-center\",\"padding_custom_bottom\":\"40\",\"padding_custom_top\":\"40\",\"style\":\"muted\",\"title_breakpoint\":\"xl\",\"title_position\":\"top-left\",\"title_rotation\":\"left\",\"vertical_align\":\"middle\",\"width\":\"default\"},\"children\":[{\"type\":\"row\",\"children\":[{\"type\":\"column\",\"props\":{\"image_position\":\"center-center\",\"position_sticky_breakpoint\":\"m\"},\"children\":[{\"type\":\"headline\",\"props\":{\"content\":\"Point of Use-Einheit\",\"image_align\":\"left\",\"image_margin\":\"xsmall\",\"title_element\":\"h3\"}},{\"type\":\"divider\",\"props\":{\"divider_element\":\"hr\"}},{\"type\":\"accordion\",\"props\":{\"collapsible\":false,\"content_column_breakpoint\":\"m\",\"image_align\":\"top\",\"image_grid_breakpoint\":\"m\",\"image_grid_width\":\"1-2\",\"image_svg_color\":\"emphasis\",\"link_style\":\"default\",\"link_text\":\"Read more\",\"show_image\":true,\"show_link\":true},\"children\":[{\"type\":\"accordion_item\",\"source\":{\"query\":{\"name\":\"veelgesteldeVraags.customVeelgesteldeVraags\",\"arguments\":{\"terms\":[56],\"faq_categorie_operator\":\"IN\",\"users\":[],\"users_operator\":\"IN\",\"offset\":0,\"limit\":50,\"order\":\"date\",\"order_direction\":\"DESC\",\"date_range\":\"relative\",\"date_relative\":\"next\",\"date_relative_unit\":\"day\",\"date_relative_unit_this\":\"day\"}},\"props\":{\"title\":{\"name\":\"title\"},\"content\":{\"name\":\"field.antwoord\"}}}}]}]}]}]},{\"type\":\"section\",\"props\":{\"divider_height\":\"120\",\"divider_position\":\"top\",\"divider_width\":\"100\",\"image_position\":\"center-center\",\"padding_custom_bottom\":\"40\",\"padding_custom_top\":\"40\",\"style\":\"default\",\"title_breakpoint\":\"xl\",\"title_position\":\"top-left\",\"title_rotation\":\"left\",\"vertical_align\":\"middle\",\"width\":\"default\"},\"children\":[{\"type\":\"row\",\"children\":[{\"type\":\"column\",\"props\":{\"image_position\":\"center-center\",\"position_sticky_breakpoint\":\"m\"},\"children\":[{\"type\":\"headline\",\"props\":{\"content\":\"Wasser-Einlage\",\"image_align\":\"left\",\"image_margin\":\"xsmall\",\"title_element\":\"h3\"}},{\"type\":\"divider\",\"props\":{\"divider_element\":\"hr\"}},{\"type\":\"accordion\",\"props\":{\"collapsible\":false,\"content_column_breakpoint\":\"m\",\"image_align\":\"top\",\"image_grid_breakpoint\":\"m\",\"image_grid_width\":\"1-2\",\"image_svg_color\":\"emphasis\",\"link_style\":\"default\",\"link_text\":\"Read more\",\"show_image\":true,\"show_link\":true},\"children\":[{\"type\":\"accordion_item\",\"source\":{\"query\":{\"name\":\"veelgesteldeVraags.customVeelgesteldeVraags\",\"arguments\":{\"terms\":[57],\"faq_categorie_operator\":\"IN\",\"users\":[],\"users_operator\":\"IN\",\"offset\":0,\"limit\":50,\"order\":\"date\",\"order_direction\":\"DESC\",\"date_range\":\"relative\",\"date_relative\":\"next\",\"date_relative_unit\":\"day\",\"date_relative_unit_this\":\"day\"}},\"props\":{\"title\":{\"name\":\"title\"},\"content\":{\"name\":\"field.antwoord\"}}}}]}]}]}]},{\"type\":\"section\",\"props\":{\"divider_height\":\"120\",\"divider_position\":\"top\",\"divider_width\":\"100\",\"image_position\":\"center-center\",\"padding_custom_bottom\":\"40\",\"padding_custom_top\":\"40\",\"style\":\"muted\",\"title_breakpoint\":\"xl\",\"title_position\":\"top-left\",\"title_rotation\":\"left\",\"vertical_align\":\"middle\",\"width\":\"default\"},\"children\":[{\"type\":\"row\",\"children\":[{\"type\":\"column\",\"props\":{\"image_position\":\"center-center\",\"position_sticky_breakpoint\":\"m\"},\"children\":[{\"type\":\"headline\",\"props\":{\"content\":\"Wassersystem f\u00fcr das ganze Haus\",\"image_align\":\"left\",\"image_margin\":\"xsmall\",\"title_element\":\"h3\"}},{\"type\":\"divider\",\"props\":{\"divider_element\":\"hr\"}},{\"type\":\"accordion\",\"props\":{\"collapsible\":false,\"content_column_breakpoint\":\"m\",\"image_align\":\"top\",\"image_grid_breakpoint\":\"m\",\"image_grid_width\":\"1-2\",\"image_svg_color\":\"emphasis\",\"link_style\":\"default\",\"link_text\":\"Read more\",\"show_image\":true,\"show_link\":true},\"children\":[{\"type\":\"accordion_item\",\"source\":{\"query\":{\"name\":\"veelgesteldeVraags.customVeelgesteldeVraags\",\"arguments\":{\"terms\":[58],\"faq_categorie_operator\":\"IN\",\"users\":[],\"users_operator\":\"IN\",\"offset\":0,\"limit\":50,\"order\":\"date\",\"order_direction\":\"DESC\",\"date_range\":\"relative\",\"date_relative\":\"next\",\"date_relative_unit\":\"day\",\"date_relative_unit_this\":\"day\"}},\"props\":{\"title\":{\"name\":\"title\"},\"content\":{\"name\":\"field.antwoord\"}}}}]}]}]}]},{\"type\":\"section\",\"props\":{\"divider_height\":\"120\",\"divider_position\":\"top\",\"divider_width\":\"100\",\"image_position\":\"center-center\",\"padding_custom_bottom\":\"40\",\"padding_custom_top\":\"40\",\"style\":\"default\",\"title_breakpoint\":\"xl\",\"title_position\":\"top-left\",\"title_rotation\":\"left\",\"vertical_align\":\"middle\",\"width\":\"default\"},\"children\":[{\"type\":\"row\",\"children\":[{\"type\":\"column\",\"props\":{\"image_position\":\"center-center\",\"position_sticky_breakpoint\":\"m\"},\"children\":[{\"type\":\"headline\",\"props\":{\"content\":\"Water Bottle\",\"image_align\":\"left\",\"image_margin\":\"xsmall\",\"title_element\":\"h3\"}},{\"type\":\"divider\",\"props\":{\"divider_element\":\"hr\"}},{\"type\":\"accordion\",\"props\":{\"collapsible\":false,\"content_column_breakpoint\":\"m\",\"image_align\":\"top\",\"image_grid_breakpoint\":\"m\",\"image_grid_width\":\"1-2\",\"image_svg_color\":\"emphasis\",\"link_style\":\"default\",\"link_text\":\"Read more\",\"show_image\":true,\"show_link\":true},\"children\":[{\"type\":\"accordion_item\",\"source\":{\"query\":{\"name\":\"veelgesteldeVraags.customVeelgesteldeVraags\",\"arguments\":{\"terms\":[104],\"faq_categorie_operator\":\"IN\",\"users\":[],\"users_operator\":\"IN\",\"offset\":0,\"limit\":50,\"order\":\"date\",\"order_direction\":\"DESC\",\"date_range\":\"relative\",\"date_relative\":\"next\",\"date_relative_unit\":\"day\",\"date_relative_unit_this\":\"day\"}},\"props\":{\"title\":{\"name\":\"title\"},\"content\":{\"name\":\"field.antwoord\"}}}}]}]}]}]},{\"type\":\"section\",\"props\":{\"css\":\".el-section{\\n    background-color:#e1f0fb;\\n}\",\"divider_color\":\"#FFFFFF\",\"divider_color_inherit_section\":true,\"divider_height\":\"30\",\"divider_position\":\"top\",\"divider_width\":\"100\",\"image_position\":\"center-center\",\"padding_custom_bottom\":\"40\",\"padding_custom_top\":\"40\",\"style\":\"default\",\"title_breakpoint\":\"xl\",\"title_position\":\"top-left\",\"title_rotation\":\"left\",\"vertical_align\":\"middle\",\"width\":\"default\"},\"children\":[{\"type\":\"row\",\"props\":{\"layout\":\"1-2,1-2\"},\"children\":[{\"type\":\"column\",\"props\":{\"image_position\":\"center-center\",\"position_sticky_breakpoint\":\"m\",\"width_medium\":\"1-2\"},\"children\":[{\"type\":\"image\",\"props\":{\"image\":\"wp-content\/uploads\/af-logo-analemma-trns.png\",\"image_alt\":\"aw website filler 3\",\"image_svg_color\":\"emphasis\",\"margin_bottom\":\"default\",\"margin_top\":\"default\"}}]},{\"type\":\"column\",\"props\":{\"image_position\":\"center-center\",\"position_sticky_breakpoint\":\"m\",\"vertical_align\":\"middle\",\"width_medium\":\"1-2\"},\"children\":[{\"type\":\"headline\",\"props\":{\"content\":\"Haben Sie weitere Fragen, die auf dieser FAQ-Seite nicht beantwortet werden?\",\"image_align\":\"left\",\"image_margin\":\"xsmall\",\"text_align\":\"center\",\"title_element\":\"h3\"}},{\"type\":\"text\",\"props\":{\"column_breakpoint\":\"m\",\"content\":\"\n\n<p>Stellen Sie Ihre Frage online an Chatbot Anna!<\/p>\n\n\\n\n\n<p>Sie k\u00f6nnen uns auch unter info@analemma-water.nl oder +31 85 12 49 018 kontaktieren, und unser Kundenservice wird Ihnen weiterhelfen.<\/p>\n\n\",\"margin_bottom\":\"default\",\"margin_top\":\"default\",\"text_align\":\"center\"}}]}]}]}],\"version\":\"5.0.22\",\"yooessentialsVersion\":\"3.0.0-beta.9\"} --><\/p>\n","protected":false},"excerpt":{"rendered":"<p>FAQ H\u00e4ufig gestellte Fragen Hier finden Sie Antworten auf h\u00e4ufig gestellte Fragen, Erl\u00e4uterungen zur Verwendung und Pflege von Produkten, Tipps usw. Allgemeine Verwendung Funktional Aufbewahrung und Sicherheit Point of Use-Einheit Wasser-Einlage Wassersystem f\u00fcr das ganze Haus Water Bottle Haben Sie weitere Fragen, die auf dieser FAQ-Seite nicht beantwortet werden? Stellen Sie Ihre Frage online an [&hellip;]<\/p>\n","protected":false},"author":1,"featured_media":0,"parent":0,"menu_order":0,"comment_status":"closed","ping_status":"closed","template":"","meta":{"_acf_changed":false,"footnotes":""},"class_list":["post-519","page","type-page","status-publish","hentry"],"acf":[],"yoast_head":"<!-- This site is optimized with the Yoast SEO plugin v27.2 - https:\/\/yoast.com\/product\/yoast-seo-wordpress\/ -->\n<title>FAQ - Analemma Water<\/title>\n<meta name=\"robots\" content=\"index, follow, max-snippet:-1, max-image-preview:large, max-video-preview:-1\" \/>\n<link rel=\"canonical\" href=\"https:\/\/analemma-water.nl\/de\/faq\/\" \/>\n<meta property=\"og:locale\" content=\"de_DE\" \/>\n<meta property=\"og:type\" content=\"article\" \/>\n<meta property=\"og:title\" content=\"FAQ - Analemma Water\" \/>\n<meta property=\"og:description\" content=\"FAQ H\u00e4ufig gestellte Fragen Hier finden Sie Antworten auf h\u00e4ufig gestellte Fragen, Erl\u00e4uterungen zur Verwendung und Pflege von Produkten, Tipps usw. Allgemeine Verwendung Funktional Aufbewahrung und Sicherheit Point of Use-Einheit Wasser-Einlage Wassersystem f\u00fcr das ganze Haus Water Bottle Haben Sie weitere Fragen, die auf dieser FAQ-Seite nicht beantwortet werden? Stellen Sie Ihre Frage online an [&hellip;]\" \/>\n<meta property=\"og:url\" content=\"https:\/\/analemma-water.nl\/de\/faq\/\" \/>\n<meta property=\"og:site_name\" content=\"Analemma Water\" \/>\n<meta property=\"article:modified_time\" content=\"2026-03-12T12:35:05+00:00\" \/>\n<meta property=\"og:image\" content=\"https:\/\/analemma-water.nl\/wp-content\/uploads\/af-logo-analemma.png\" \/>\n\t<meta property=\"og:image:width\" content=\"400\" \/>\n\t<meta property=\"og:image:height\" content=\"200\" \/>\n\t<meta property=\"og:image:type\" content=\"image\/png\" \/>\n<meta name=\"twitter:card\" content=\"summary_large_image\" \/>\n<script type=\"application\/ld+json\" class=\"yoast-schema-graph\">{\"@context\":\"https:\/\/schema.org\",\"@graph\":[{\"@type\":\"WebPage\",\"@id\":\"https:\/\/analemma-water.nl\/de\/faq\/\",\"url\":\"https:\/\/analemma-water.nl\/de\/faq\/\",\"name\":\"FAQ - Analemma Water\",\"isPartOf\":{\"@id\":\"https:\/\/analemma-water.nl\/de\/#website\"},\"datePublished\":\"2025-04-28T11:30:24+00:00\",\"dateModified\":\"2026-03-12T12:35:05+00:00\",\"breadcrumb\":{\"@id\":\"https:\/\/analemma-water.nl\/de\/faq\/#breadcrumb\"},\"inLanguage\":\"de\",\"potentialAction\":[{\"@type\":\"ReadAction\",\"target\":[\"https:\/\/analemma-water.nl\/de\/faq\/\"]}]},{\"@type\":\"BreadcrumbList\",\"@id\":\"https:\/\/analemma-water.nl\/de\/faq\/#breadcrumb\",\"itemListElement\":[{\"@type\":\"ListItem\",\"position\":1,\"name\":\"Home\",\"item\":\"https:\/\/analemma-water.nl\/de\/\"},{\"@type\":\"ListItem\",\"position\":2,\"name\":\"FAQ\"}]},{\"@type\":\"WebSite\",\"@id\":\"https:\/\/analemma-water.nl\/de\/#website\",\"url\":\"https:\/\/analemma-water.nl\/de\/\",\"name\":\"Analemma Water\",\"description\":\"INCREDIBLE POWER OF WATER UNLEASHED\",\"publisher\":{\"@id\":\"https:\/\/analemma-water.nl\/de\/#organization\"},\"alternateName\":\"Analemma\",\"potentialAction\":[{\"@type\":\"SearchAction\",\"target\":{\"@type\":\"EntryPoint\",\"urlTemplate\":\"https:\/\/analemma-water.nl\/de\/?s={search_term_string}\"},\"query-input\":{\"@type\":\"PropertyValueSpecification\",\"valueRequired\":true,\"valueName\":\"search_term_string\"}}],\"inLanguage\":\"de\"},{\"@type\":\"Organization\",\"@id\":\"https:\/\/analemma-water.nl\/de\/#organization\",\"name\":\"Analemma Water\",\"alternateName\":\"Analemma\",\"url\":\"https:\/\/analemma-water.nl\/de\/\",\"logo\":{\"@type\":\"ImageObject\",\"inLanguage\":\"de\",\"@id\":\"https:\/\/analemma-water.nl\/de\/#\/schema\/logo\/image\/\",\"url\":\"https:\/\/analemma-water.nl\/wp-content\/uploads\/cropped-favicon-1.png\",\"contentUrl\":\"https:\/\/analemma-water.nl\/wp-content\/uploads\/cropped-favicon-1.png\",\"width\":512,\"height\":512,\"caption\":\"Analemma Water\"},\"image\":{\"@id\":\"https:\/\/analemma-water.nl\/de\/#\/schema\/logo\/image\/\"}}]}<\/script>\n<!-- \/ Yoast SEO plugin. -->","yoast_head_json":{"title":"FAQ - Analemma Water","robots":{"index":"index","follow":"follow","max-snippet":"max-snippet:-1","max-image-preview":"max-image-preview:large","max-video-preview":"max-video-preview:-1"},"canonical":"https:\/\/analemma-water.nl\/de\/faq\/","og_locale":"de_DE","og_type":"article","og_title":"FAQ - Analemma Water","og_description":"FAQ H\u00e4ufig gestellte Fragen Hier finden Sie Antworten auf h\u00e4ufig gestellte Fragen, Erl\u00e4uterungen zur Verwendung und Pflege von Produkten, Tipps usw. Allgemeine Verwendung Funktional Aufbewahrung und Sicherheit Point of Use-Einheit Wasser-Einlage Wassersystem f\u00fcr das ganze Haus Water Bottle Haben Sie weitere Fragen, die auf dieser FAQ-Seite nicht beantwortet werden? Stellen Sie Ihre Frage online an [&hellip;]","og_url":"https:\/\/analemma-water.nl\/de\/faq\/","og_site_name":"Analemma Water","article_modified_time":"2026-03-12T12:35:05+00:00","og_image":[{"width":400,"height":200,"url":"https:\/\/analemma-water.nl\/wp-content\/uploads\/af-logo-analemma.png","type":"image\/png"}],"twitter_card":"summary_large_image","schema":{"@context":"https:\/\/schema.org","@graph":[{"@type":"WebPage","@id":"https:\/\/analemma-water.nl\/de\/faq\/","url":"https:\/\/analemma-water.nl\/de\/faq\/","name":"FAQ - Analemma Water","isPartOf":{"@id":"https:\/\/analemma-water.nl\/de\/#website"},"datePublished":"2025-04-28T11:30:24+00:00","dateModified":"2026-03-12T12:35:05+00:00","breadcrumb":{"@id":"https:\/\/analemma-water.nl\/de\/faq\/#breadcrumb"},"inLanguage":"de","potentialAction":[{"@type":"ReadAction","target":["https:\/\/analemma-water.nl\/de\/faq\/"]}]},{"@type":"BreadcrumbList","@id":"https:\/\/analemma-water.nl\/de\/faq\/#breadcrumb","itemListElement":[{"@type":"ListItem","position":1,"name":"Home","item":"https:\/\/analemma-water.nl\/de\/"},{"@type":"ListItem","position":2,"name":"FAQ"}]},{"@type":"WebSite","@id":"https:\/\/analemma-water.nl\/de\/#website","url":"https:\/\/analemma-water.nl\/de\/","name":"Analemma Water","description":"INCREDIBLE POWER OF WATER UNLEASHED","publisher":{"@id":"https:\/\/analemma-water.nl\/de\/#organization"},"alternateName":"Analemma","potentialAction":[{"@type":"SearchAction","target":{"@type":"EntryPoint","urlTemplate":"https:\/\/analemma-water.nl\/de\/?s={search_term_string}"},"query-input":{"@type":"PropertyValueSpecification","valueRequired":true,"valueName":"search_term_string"}}],"inLanguage":"de"},{"@type":"Organization","@id":"https:\/\/analemma-water.nl\/de\/#organization","name":"Analemma Water","alternateName":"Analemma","url":"https:\/\/analemma-water.nl\/de\/","logo":{"@type":"ImageObject","inLanguage":"de","@id":"https:\/\/analemma-water.nl\/de\/#\/schema\/logo\/image\/","url":"https:\/\/analemma-water.nl\/wp-content\/uploads\/cropped-favicon-1.png","contentUrl":"https:\/\/analemma-water.nl\/wp-content\/uploads\/cropped-favicon-1.png","width":512,"height":512,"caption":"Analemma Water"},"image":{"@id":"https:\/\/analemma-water.nl\/de\/#\/schema\/logo\/image\/"}}]}},"_links":{"self":[{"href":"https:\/\/analemma-water.nl\/de\/wp-json\/wp\/v2\/pages\/519","targetHints":{"allow":["GET"]}}],"collection":[{"href":"https:\/\/analemma-water.nl\/de\/wp-json\/wp\/v2\/pages"}],"about":[{"href":"https:\/\/analemma-water.nl\/de\/wp-json\/wp\/v2\/types\/page"}],"author":[{"embeddable":true,"href":"https:\/\/analemma-water.nl\/de\/wp-json\/wp\/v2\/users\/1"}],"replies":[{"embeddable":true,"href":"https:\/\/analemma-water.nl\/de\/wp-json\/wp\/v2\/comments?post=519"}],"version-history":[{"count":10,"href":"https:\/\/analemma-water.nl\/de\/wp-json\/wp\/v2\/pages\/519\/revisions"}],"predecessor-version":[{"id":3305,"href":"https:\/\/analemma-water.nl\/de\/wp-json\/wp\/v2\/pages\/519\/revisions\/3305"}],"wp:attachment":[{"href":"https:\/\/analemma-water.nl\/de\/wp-json\/wp\/v2\/media?parent=519"}],"curies":[{"name":"wp","href":"https:\/\/api.w.org\/{rel}","templated":true}]}}