{"id":3329,"date":"2026-05-07T15:08:36","date_gmt":"2026-05-07T13:08:36","guid":{"rendered":"https:\/\/analemma-water.nl\/?post_type=product&#038;p=3329"},"modified":"2026-05-07T15:08:37","modified_gmt":"2026-05-07T13:08:37","slug":"water-inlay-wasserstab-kombi","status":"publish","type":"product","link":"https:\/\/analemma-water.nl\/de\/produkt\/water-inlay-wasserstab-kombi\/","title":{"rendered":"Water Inlay + Wasserstab Kombi"},"content":{"rendered":"<p>Genie\u00dfen Sie eine bessere Fl\u00fcssigkeitszufuhr und einen erfrischenden Geschmack, w\u00e4hrend Sie durch die Wiederverwendung gleichzeitig zur Nachhaltigkeit beitragen.<\/p>\n<p>Eine einfache und wirksame Methode, Ihr Wohlbefinden zu steigern.<\/p>\n<p>Das Water Inlay wurde speziell f\u00fcr den Langzeitgebrauch unter Wasser entwickelt.<\/p>\n<p>Zum Beispiel f\u00fcr den Einsatz in gr\u00f6\u00dferen Wassermengen oder in Trinkwasserfiltern wie Berkey und Aqualine.<\/p>\n<p>Den Wasserstab verwenden Sie manuell. Einfach zu Hause in Ihrem Trinkglas, Kaffee oder Tee, dem Wasser, in dem Sie Ihr Gem\u00fcse kochen, usw. anzuwenden.<\/p>\n<p>Auch unterwegs und im Urlaub leicht mitzunehmen.<\/p>\n<p>Sparen Sie 15 % beim Kauf dieses Kombipakets.<\/p>\n","protected":false},"excerpt":{"rendered":"<p>Genie\u00dfen Sie eine bessere Fl\u00fcssigkeitszufuhr und einen erfrischenden Geschmack, w\u00e4hrend Sie durch die Wiederverwendung gleichzeitig zur Nachhaltigkeit beitragen. Eine einfache und wirksame Methode, Ihr Wohlbefinden zu steigern. Das Water Inlay wurde speziell f\u00fcr den Langzeitgebrauch unter Wasser entwickelt. Zum Beispiel f\u00fcr den Einsatz in gr\u00f6\u00dferen Wassermengen oder in Trinkwasserfiltern wie Berkey und Aqualine. Den Wasserstab [&hellip;]<\/p>\n","protected":false},"featured_media":3368,"comment_status":"closed","ping_status":"closed","template":"","meta":{"_acf_changed":false},"product_brand":[],"product_cat":[],"product_tag":[],"class_list":{"0":"post-3329","1":"product","2":"type-product","3":"status-publish","4":"has-post-thumbnail","7":"first","8":"instock","9":"sale","10":"taxable","11":"shipping-taxable","12":"purchasable","13":"product-type-yith_bundle"},"acf":[],"yoast_head":"<!-- This site is optimized with the Yoast SEO plugin v27.4 - https:\/\/yoast.com\/product\/yoast-seo-wordpress\/ -->\n<title>Water Inlay + Wasserstab Kombi - Analemma Water<\/title>\n<meta name=\"description\" content=\"Sparen Sie 15 % beim Kauf dieses Sets aus dem Water Inlay und dem Edelstahl-Wasserstab.\" \/>\n<meta name=\"robots\" content=\"index, follow, max-snippet:-1, max-image-preview:large, max-video-preview:-1\" \/>\n<link rel=\"canonical\" href=\"https:\/\/analemma-water.nl\/de\/produkt\/water-inlay-wasserstab-kombi\/\" \/>\n<meta property=\"og:locale\" content=\"de_DE\" \/>\n<meta property=\"og:type\" content=\"article\" \/>\n<meta property=\"og:title\" content=\"Water Inlay + Wasserstab Kombi - Analemma Water\" \/>\n<meta property=\"og:description\" content=\"Sparen Sie 15 % beim Kauf dieses Sets aus dem Water Inlay und dem Edelstahl-Wasserstab.\" \/>\n<meta property=\"og:url\" content=\"https:\/\/analemma-water.nl\/de\/produkt\/water-inlay-wasserstab-kombi\/\" \/>\n<meta property=\"og:site_name\" content=\"Analemma Water\" \/>\n<meta property=\"article:modified_time\" content=\"2026-05-07T13:08:37+00:00\" \/>\n<meta property=\"og:image\" content=\"https:\/\/analemma-water.nl\/wp-content\/uploads\/analemma_combi_1.jpg\" \/>\n\t<meta property=\"og:image:width\" content=\"945\" \/>\n\t<meta property=\"og:image:height\" content=\"945\" \/>\n\t<meta property=\"og:image:type\" content=\"image\/jpeg\" \/>\n<meta name=\"twitter:card\" content=\"summary_large_image\" \/>\n<script type=\"application\/ld+json\" class=\"yoast-schema-graph\">{\"@context\":\"https:\\\/\\\/schema.org\",\"@graph\":[{\"@type\":\"WebPage\",\"@id\":\"https:\\\/\\\/analemma-water.nl\\\/de\\\/produkt\\\/water-inlay-wasserstab-kombi\\\/\",\"url\":\"https:\\\/\\\/analemma-water.nl\\\/de\\\/produkt\\\/water-inlay-wasserstab-kombi\\\/\",\"name\":\"Water Inlay + Wasserstab Kombi - Analemma Water\",\"isPartOf\":{\"@id\":\"https:\\\/\\\/analemma-water.nl\\\/de\\\/#website\"},\"primaryImageOfPage\":{\"@id\":\"https:\\\/\\\/analemma-water.nl\\\/de\\\/produkt\\\/water-inlay-wasserstab-kombi\\\/#primaryimage\"},\"image\":{\"@id\":\"https:\\\/\\\/analemma-water.nl\\\/de\\\/produkt\\\/water-inlay-wasserstab-kombi\\\/#primaryimage\"},\"thumbnailUrl\":\"https:\\\/\\\/analemma-water.nl\\\/wp-content\\\/uploads\\\/analemma_combi_1.jpg\",\"datePublished\":\"2026-05-07T13:08:36+00:00\",\"dateModified\":\"2026-05-07T13:08:37+00:00\",\"description\":\"Sparen Sie 15 % beim Kauf dieses Sets aus dem Water Inlay und dem Edelstahl-Wasserstab.\",\"breadcrumb\":{\"@id\":\"https:\\\/\\\/analemma-water.nl\\\/de\\\/produkt\\\/water-inlay-wasserstab-kombi\\\/#breadcrumb\"},\"inLanguage\":\"de\",\"potentialAction\":[{\"@type\":\"ReadAction\",\"target\":[\"https:\\\/\\\/analemma-water.nl\\\/de\\\/produkt\\\/water-inlay-wasserstab-kombi\\\/\"]}]},{\"@type\":\"ImageObject\",\"inLanguage\":\"de\",\"@id\":\"https:\\\/\\\/analemma-water.nl\\\/de\\\/produkt\\\/water-inlay-wasserstab-kombi\\\/#primaryimage\",\"url\":\"https:\\\/\\\/analemma-water.nl\\\/wp-content\\\/uploads\\\/analemma_combi_1.jpg\",\"contentUrl\":\"https:\\\/\\\/analemma-water.nl\\\/wp-content\\\/uploads\\\/analemma_combi_1.jpg\",\"width\":945,\"height\":945,\"caption\":\"Water Inlay &amp; Waterstaaf RVS combinatie\"},{\"@type\":\"BreadcrumbList\",\"@id\":\"https:\\\/\\\/analemma-water.nl\\\/de\\\/produkt\\\/water-inlay-wasserstab-kombi\\\/#breadcrumb\",\"itemListElement\":[{\"@type\":\"ListItem\",\"position\":1,\"name\":\"Home\",\"item\":\"https:\\\/\\\/analemma-water.nl\\\/de\\\/\"},{\"@type\":\"ListItem\",\"position\":2,\"name\":\"Shop\",\"item\":\"https:\\\/\\\/analemma-water.nl\\\/de\\\/shop\\\/\"},{\"@type\":\"ListItem\",\"position\":3,\"name\":\"Water Inlay + Wasserstab Kombi\"}]},{\"@type\":\"WebSite\",\"@id\":\"https:\\\/\\\/analemma-water.nl\\\/de\\\/#website\",\"url\":\"https:\\\/\\\/analemma-water.nl\\\/de\\\/\",\"name\":\"Analemma Water\",\"description\":\"INCREDIBLE POWER OF WATER UNLEASHED\",\"publisher\":{\"@id\":\"https:\\\/\\\/analemma-water.nl\\\/de\\\/#organization\"},\"alternateName\":\"Analemma\",\"potentialAction\":[{\"@type\":\"SearchAction\",\"target\":{\"@type\":\"EntryPoint\",\"urlTemplate\":\"https:\\\/\\\/analemma-water.nl\\\/de\\\/?s={search_term_string}\"},\"query-input\":{\"@type\":\"PropertyValueSpecification\",\"valueRequired\":true,\"valueName\":\"search_term_string\"}}],\"inLanguage\":\"de\"},{\"@type\":\"Organization\",\"@id\":\"https:\\\/\\\/analemma-water.nl\\\/de\\\/#organization\",\"name\":\"Analemma Water\",\"alternateName\":\"Analemma\",\"url\":\"https:\\\/\\\/analemma-water.nl\\\/de\\\/\",\"logo\":{\"@type\":\"ImageObject\",\"inLanguage\":\"de\",\"@id\":\"https:\\\/\\\/analemma-water.nl\\\/de\\\/#\\\/schema\\\/logo\\\/image\\\/\",\"url\":\"https:\\\/\\\/analemma-water.nl\\\/wp-content\\\/uploads\\\/cropped-favicon-1.png\",\"contentUrl\":\"https:\\\/\\\/analemma-water.nl\\\/wp-content\\\/uploads\\\/cropped-favicon-1.png\",\"width\":512,\"height\":512,\"caption\":\"Analemma Water\"},\"image\":{\"@id\":\"https:\\\/\\\/analemma-water.nl\\\/de\\\/#\\\/schema\\\/logo\\\/image\\\/\"}}]}<\/script>\n<!-- \/ Yoast SEO plugin. -->","yoast_head_json":{"title":"Water Inlay + Wasserstab Kombi - Analemma Water","description":"Sparen Sie 15 % beim Kauf dieses Sets aus dem Water Inlay und dem Edelstahl-Wasserstab.","robots":{"index":"index","follow":"follow","max-snippet":"max-snippet:-1","max-image-preview":"max-image-preview:large","max-video-preview":"max-video-preview:-1"},"canonical":"https:\/\/analemma-water.nl\/de\/produkt\/water-inlay-wasserstab-kombi\/","og_locale":"de_DE","og_type":"article","og_title":"Water Inlay + Wasserstab Kombi - Analemma Water","og_description":"Sparen Sie 15 % beim Kauf dieses Sets aus dem Water Inlay und dem Edelstahl-Wasserstab.","og_url":"https:\/\/analemma-water.nl\/de\/produkt\/water-inlay-wasserstab-kombi\/","og_site_name":"Analemma Water","article_modified_time":"2026-05-07T13:08:37+00:00","og_image":[{"width":945,"height":945,"url":"https:\/\/analemma-water.nl\/wp-content\/uploads\/analemma_combi_1.jpg","type":"image\/jpeg"}],"twitter_card":"summary_large_image","schema":{"@context":"https:\/\/schema.org","@graph":[{"@type":"WebPage","@id":"https:\/\/analemma-water.nl\/de\/produkt\/water-inlay-wasserstab-kombi\/","url":"https:\/\/analemma-water.nl\/de\/produkt\/water-inlay-wasserstab-kombi\/","name":"Water Inlay + Wasserstab Kombi - Analemma Water","isPartOf":{"@id":"https:\/\/analemma-water.nl\/de\/#website"},"primaryImageOfPage":{"@id":"https:\/\/analemma-water.nl\/de\/produkt\/water-inlay-wasserstab-kombi\/#primaryimage"},"image":{"@id":"https:\/\/analemma-water.nl\/de\/produkt\/water-inlay-wasserstab-kombi\/#primaryimage"},"thumbnailUrl":"https:\/\/analemma-water.nl\/wp-content\/uploads\/analemma_combi_1.jpg","datePublished":"2026-05-07T13:08:36+00:00","dateModified":"2026-05-07T13:08:37+00:00","description":"Sparen Sie 15 % beim Kauf dieses Sets aus dem Water Inlay und dem Edelstahl-Wasserstab.","breadcrumb":{"@id":"https:\/\/analemma-water.nl\/de\/produkt\/water-inlay-wasserstab-kombi\/#breadcrumb"},"inLanguage":"de","potentialAction":[{"@type":"ReadAction","target":["https:\/\/analemma-water.nl\/de\/produkt\/water-inlay-wasserstab-kombi\/"]}]},{"@type":"ImageObject","inLanguage":"de","@id":"https:\/\/analemma-water.nl\/de\/produkt\/water-inlay-wasserstab-kombi\/#primaryimage","url":"https:\/\/analemma-water.nl\/wp-content\/uploads\/analemma_combi_1.jpg","contentUrl":"https:\/\/analemma-water.nl\/wp-content\/uploads\/analemma_combi_1.jpg","width":945,"height":945,"caption":"Water Inlay &amp; Waterstaaf RVS combinatie"},{"@type":"BreadcrumbList","@id":"https:\/\/analemma-water.nl\/de\/produkt\/water-inlay-wasserstab-kombi\/#breadcrumb","itemListElement":[{"@type":"ListItem","position":1,"name":"Home","item":"https:\/\/analemma-water.nl\/de\/"},{"@type":"ListItem","position":2,"name":"Shop","item":"https:\/\/analemma-water.nl\/de\/shop\/"},{"@type":"ListItem","position":3,"name":"Water Inlay + Wasserstab Kombi"}]},{"@type":"WebSite","@id":"https:\/\/analemma-water.nl\/de\/#website","url":"https:\/\/analemma-water.nl\/de\/","name":"Analemma Water","description":"INCREDIBLE POWER OF WATER UNLEASHED","publisher":{"@id":"https:\/\/analemma-water.nl\/de\/#organization"},"alternateName":"Analemma","potentialAction":[{"@type":"SearchAction","target":{"@type":"EntryPoint","urlTemplate":"https:\/\/analemma-water.nl\/de\/?s={search_term_string}"},"query-input":{"@type":"PropertyValueSpecification","valueRequired":true,"valueName":"search_term_string"}}],"inLanguage":"de"},{"@type":"Organization","@id":"https:\/\/analemma-water.nl\/de\/#organization","name":"Analemma Water","alternateName":"Analemma","url":"https:\/\/analemma-water.nl\/de\/","logo":{"@type":"ImageObject","inLanguage":"de","@id":"https:\/\/analemma-water.nl\/de\/#\/schema\/logo\/image\/","url":"https:\/\/analemma-water.nl\/wp-content\/uploads\/cropped-favicon-1.png","contentUrl":"https:\/\/analemma-water.nl\/wp-content\/uploads\/cropped-favicon-1.png","width":512,"height":512,"caption":"Analemma Water"},"image":{"@id":"https:\/\/analemma-water.nl\/de\/#\/schema\/logo\/image\/"}}]}},"_links":{"self":[{"href":"https:\/\/analemma-water.nl\/de\/wp-json\/wp\/v2\/product\/3329","targetHints":{"allow":["GET"]}}],"collection":[{"href":"https:\/\/analemma-water.nl\/de\/wp-json\/wp\/v2\/product"}],"about":[{"href":"https:\/\/analemma-water.nl\/de\/wp-json\/wp\/v2\/types\/product"}],"replies":[{"embeddable":true,"href":"https:\/\/analemma-water.nl\/de\/wp-json\/wp\/v2\/comments?post=3329"}],"wp:featuredmedia":[{"embeddable":true,"href":"https:\/\/analemma-water.nl\/de\/wp-json\/wp\/v2\/media\/3368"}],"wp:attachment":[{"href":"https:\/\/analemma-water.nl\/de\/wp-json\/wp\/v2\/media?parent=3329"}],"wp:term":[{"taxonomy":"product_brand","embeddable":true,"href":"https:\/\/analemma-water.nl\/de\/wp-json\/wp\/v2\/product_brand?post=3329"},{"taxonomy":"product_cat","embeddable":true,"href":"https:\/\/analemma-water.nl\/de\/wp-json\/wp\/v2\/product_cat?post=3329"},{"taxonomy":"product_tag","embeddable":true,"href":"https:\/\/analemma-water.nl\/de\/wp-json\/wp\/v2\/product_tag?post=3329"}],"curies":[{"name":"wp","href":"https:\/\/api.w.org\/{rel}","templated":true}]}}