{"id":3404,"date":"2026-03-19T14:38:51","date_gmt":"2026-03-19T13:38:51","guid":{"rendered":"https:\/\/analemma-water.nl\/?post_type=product&#038;p=3404"},"modified":"2026-05-08T15:21:58","modified_gmt":"2026-05-08T13:21:58","slug":"home-unit-wasserstab-kombi","status":"publish","type":"product","link":"https:\/\/analemma-water.nl\/de\/produkt\/home-unit-wasserstab-kombi\/","title":{"rendered":"Home Unit + Wasserstab Kombi"},"content":{"rendered":"<p>Genie\u00dfen Sie eine bessere Fl\u00fcssigkeitsversorgung und einen erfrischenden Geschmack, w\u00e4hrend Sie durch die Wiederverwendung gleichzeitig einen Beitrag zur Nachhaltigkeit leisten.<\/p>\n<p>Eine einfache und wirksame Methode, Ihr Wohlbefinden zu steigern.<\/p>\n<p>Mit diesem Kombination verf\u00fcgen Sie dank der Huis Unit \u00fcberall im Haus \u00fcber stabiles, koh\u00e4rentes Wasser und k\u00f6nnen den Wasserstab f\u00fcr unterwegs mitnehmen!<\/p>\n<p>Wenn Sie dieses Kombi kaufen, erhalten Sie 15 % Rabatt auf den Kaufpreis!<\/p>\n","protected":false},"excerpt":{"rendered":"<p>Genie\u00dfen Sie eine bessere Fl\u00fcssigkeitsversorgung und einen erfrischenden Geschmack, w\u00e4hrend Sie durch die Wiederverwendung gleichzeitig einen Beitrag zur Nachhaltigkeit leisten. Eine einfache und wirksame Methode, Ihr Wohlbefinden zu steigern. Mit diesem Kombination verf\u00fcgen Sie dank der Huis Unit \u00fcberall im Haus \u00fcber stabiles, koh\u00e4rentes Wasser und k\u00f6nnen den Wasserstab f\u00fcr unterwegs mitnehmen! Wenn Sie dieses [&hellip;]<\/p>\n","protected":false},"featured_media":3886,"comment_status":"closed","ping_status":"closed","template":"","meta":{"_acf_changed":false},"product_brand":[],"product_cat":[],"product_tag":[],"class_list":{"0":"post-3404","1":"product","2":"type-product","3":"status-publish","4":"has-post-thumbnail","7":"first","8":"instock","9":"sale","10":"taxable","11":"shipping-taxable","12":"purchasable","13":"product-type-yith_bundle"},"acf":[],"yoast_head":"<!-- This site is optimized with the Yoast SEO plugin v27.4 - https:\/\/yoast.com\/product\/yoast-seo-wordpress\/ -->\n<title>Home Unit + Wasserstab Kombi - Analemma Water<\/title>\n<meta name=\"description\" content=\"Dieses Kombi-Angebot mit 15 % Rabatt f\u00fcr stabiles, koh\u00e4rentes Wasser \u2013 \u00fcberall im Haus und auch unterwegs!\" \/>\n<meta name=\"robots\" content=\"index, follow, max-snippet:-1, max-image-preview:large, max-video-preview:-1\" \/>\n<link rel=\"canonical\" href=\"https:\/\/analemma-water.nl\/de\/produkt\/home-unit-wasserstab-kombi\/\" \/>\n<meta property=\"og:locale\" content=\"de_DE\" \/>\n<meta property=\"og:type\" content=\"article\" \/>\n<meta property=\"og:title\" content=\"Home Unit + Wasserstab Kombi - Analemma Water\" \/>\n<meta property=\"og:description\" content=\"Dieses Kombi-Angebot mit 15 % Rabatt f\u00fcr stabiles, koh\u00e4rentes Wasser \u2013 \u00fcberall im Haus und auch unterwegs!\" \/>\n<meta property=\"og:url\" content=\"https:\/\/analemma-water.nl\/de\/produkt\/home-unit-wasserstab-kombi\/\" \/>\n<meta property=\"og:site_name\" content=\"Analemma Water\" \/>\n<meta property=\"article:modified_time\" content=\"2026-05-08T13:21:58+00:00\" \/>\n<meta property=\"og:image\" content=\"https:\/\/analemma-water.nl\/wp-content\/uploads\/Products-Bundel-Combi_huis-staafrvs-3-1.png\" \/>\n\t<meta property=\"og:image:width\" content=\"1080\" \/>\n\t<meta property=\"og:image:height\" content=\"1080\" \/>\n\t<meta property=\"og:image:type\" content=\"image\/png\" \/>\n<meta name=\"twitter:card\" content=\"summary_large_image\" \/>\n<script type=\"application\/ld+json\" class=\"yoast-schema-graph\">{\"@context\":\"https:\\\/\\\/schema.org\",\"@graph\":[{\"@type\":\"WebPage\",\"@id\":\"https:\\\/\\\/analemma-water.nl\\\/de\\\/produkt\\\/home-unit-wasserstab-kombi\\\/\",\"url\":\"https:\\\/\\\/analemma-water.nl\\\/de\\\/produkt\\\/home-unit-wasserstab-kombi\\\/\",\"name\":\"Home Unit + Wasserstab Kombi - Analemma Water\",\"isPartOf\":{\"@id\":\"https:\\\/\\\/analemma-water.nl\\\/de\\\/#website\"},\"primaryImageOfPage\":{\"@id\":\"https:\\\/\\\/analemma-water.nl\\\/de\\\/produkt\\\/home-unit-wasserstab-kombi\\\/#primaryimage\"},\"image\":{\"@id\":\"https:\\\/\\\/analemma-water.nl\\\/de\\\/produkt\\\/home-unit-wasserstab-kombi\\\/#primaryimage\"},\"thumbnailUrl\":\"https:\\\/\\\/analemma-water.nl\\\/wp-content\\\/uploads\\\/Products-Bundel-Combi_huis-staafrvs-3-1.png\",\"datePublished\":\"2026-03-19T13:38:51+00:00\",\"dateModified\":\"2026-05-08T13:21:58+00:00\",\"description\":\"Dieses Kombi-Angebot mit 15 % Rabatt f\u00fcr stabiles, koh\u00e4rentes Wasser \u2013 \u00fcberall im Haus und auch unterwegs!\",\"breadcrumb\":{\"@id\":\"https:\\\/\\\/analemma-water.nl\\\/de\\\/produkt\\\/home-unit-wasserstab-kombi\\\/#breadcrumb\"},\"inLanguage\":\"de\",\"potentialAction\":[{\"@type\":\"ReadAction\",\"target\":[\"https:\\\/\\\/analemma-water.nl\\\/de\\\/produkt\\\/home-unit-wasserstab-kombi\\\/\"]}]},{\"@type\":\"ImageObject\",\"inLanguage\":\"de\",\"@id\":\"https:\\\/\\\/analemma-water.nl\\\/de\\\/produkt\\\/home-unit-wasserstab-kombi\\\/#primaryimage\",\"url\":\"https:\\\/\\\/analemma-water.nl\\\/wp-content\\\/uploads\\\/Products-Bundel-Combi_huis-staafrvs-3-1.png\",\"contentUrl\":\"https:\\\/\\\/analemma-water.nl\\\/wp-content\\\/uploads\\\/Products-Bundel-Combi_huis-staafrvs-3-1.png\",\"width\":1080,\"height\":1080},{\"@type\":\"BreadcrumbList\",\"@id\":\"https:\\\/\\\/analemma-water.nl\\\/de\\\/produkt\\\/home-unit-wasserstab-kombi\\\/#breadcrumb\",\"itemListElement\":[{\"@type\":\"ListItem\",\"position\":1,\"name\":\"Home\",\"item\":\"https:\\\/\\\/analemma-water.nl\\\/de\\\/\"},{\"@type\":\"ListItem\",\"position\":2,\"name\":\"Shop\",\"item\":\"https:\\\/\\\/analemma-water.nl\\\/de\\\/shop\\\/\"},{\"@type\":\"ListItem\",\"position\":3,\"name\":\"Home Unit + Wasserstab Kombi\"}]},{\"@type\":\"WebSite\",\"@id\":\"https:\\\/\\\/analemma-water.nl\\\/de\\\/#website\",\"url\":\"https:\\\/\\\/analemma-water.nl\\\/de\\\/\",\"name\":\"Analemma Water\",\"description\":\"INCREDIBLE POWER OF WATER UNLEASHED\",\"publisher\":{\"@id\":\"https:\\\/\\\/analemma-water.nl\\\/de\\\/#organization\"},\"alternateName\":\"Analemma\",\"potentialAction\":[{\"@type\":\"SearchAction\",\"target\":{\"@type\":\"EntryPoint\",\"urlTemplate\":\"https:\\\/\\\/analemma-water.nl\\\/de\\\/?s={search_term_string}\"},\"query-input\":{\"@type\":\"PropertyValueSpecification\",\"valueRequired\":true,\"valueName\":\"search_term_string\"}}],\"inLanguage\":\"de\"},{\"@type\":\"Organization\",\"@id\":\"https:\\\/\\\/analemma-water.nl\\\/de\\\/#organization\",\"name\":\"Analemma Water\",\"alternateName\":\"Analemma\",\"url\":\"https:\\\/\\\/analemma-water.nl\\\/de\\\/\",\"logo\":{\"@type\":\"ImageObject\",\"inLanguage\":\"de\",\"@id\":\"https:\\\/\\\/analemma-water.nl\\\/de\\\/#\\\/schema\\\/logo\\\/image\\\/\",\"url\":\"https:\\\/\\\/analemma-water.nl\\\/wp-content\\\/uploads\\\/cropped-favicon-1.png\",\"contentUrl\":\"https:\\\/\\\/analemma-water.nl\\\/wp-content\\\/uploads\\\/cropped-favicon-1.png\",\"width\":512,\"height\":512,\"caption\":\"Analemma Water\"},\"image\":{\"@id\":\"https:\\\/\\\/analemma-water.nl\\\/de\\\/#\\\/schema\\\/logo\\\/image\\\/\"}}]}<\/script>\n<!-- \/ Yoast SEO plugin. -->","yoast_head_json":{"title":"Home Unit + Wasserstab Kombi - Analemma Water","description":"Dieses Kombi-Angebot mit 15 % Rabatt f\u00fcr stabiles, koh\u00e4rentes Wasser \u2013 \u00fcberall im Haus und auch unterwegs!","robots":{"index":"index","follow":"follow","max-snippet":"max-snippet:-1","max-image-preview":"max-image-preview:large","max-video-preview":"max-video-preview:-1"},"canonical":"https:\/\/analemma-water.nl\/de\/produkt\/home-unit-wasserstab-kombi\/","og_locale":"de_DE","og_type":"article","og_title":"Home Unit + Wasserstab Kombi - Analemma Water","og_description":"Dieses Kombi-Angebot mit 15 % Rabatt f\u00fcr stabiles, koh\u00e4rentes Wasser \u2013 \u00fcberall im Haus und auch unterwegs!","og_url":"https:\/\/analemma-water.nl\/de\/produkt\/home-unit-wasserstab-kombi\/","og_site_name":"Analemma Water","article_modified_time":"2026-05-08T13:21:58+00:00","og_image":[{"width":1080,"height":1080,"url":"https:\/\/analemma-water.nl\/wp-content\/uploads\/Products-Bundel-Combi_huis-staafrvs-3-1.png","type":"image\/png"}],"twitter_card":"summary_large_image","schema":{"@context":"https:\/\/schema.org","@graph":[{"@type":"WebPage","@id":"https:\/\/analemma-water.nl\/de\/produkt\/home-unit-wasserstab-kombi\/","url":"https:\/\/analemma-water.nl\/de\/produkt\/home-unit-wasserstab-kombi\/","name":"Home Unit + Wasserstab Kombi - Analemma Water","isPartOf":{"@id":"https:\/\/analemma-water.nl\/de\/#website"},"primaryImageOfPage":{"@id":"https:\/\/analemma-water.nl\/de\/produkt\/home-unit-wasserstab-kombi\/#primaryimage"},"image":{"@id":"https:\/\/analemma-water.nl\/de\/produkt\/home-unit-wasserstab-kombi\/#primaryimage"},"thumbnailUrl":"https:\/\/analemma-water.nl\/wp-content\/uploads\/Products-Bundel-Combi_huis-staafrvs-3-1.png","datePublished":"2026-03-19T13:38:51+00:00","dateModified":"2026-05-08T13:21:58+00:00","description":"Dieses Kombi-Angebot mit 15 % Rabatt f\u00fcr stabiles, koh\u00e4rentes Wasser \u2013 \u00fcberall im Haus und auch unterwegs!","breadcrumb":{"@id":"https:\/\/analemma-water.nl\/de\/produkt\/home-unit-wasserstab-kombi\/#breadcrumb"},"inLanguage":"de","potentialAction":[{"@type":"ReadAction","target":["https:\/\/analemma-water.nl\/de\/produkt\/home-unit-wasserstab-kombi\/"]}]},{"@type":"ImageObject","inLanguage":"de","@id":"https:\/\/analemma-water.nl\/de\/produkt\/home-unit-wasserstab-kombi\/#primaryimage","url":"https:\/\/analemma-water.nl\/wp-content\/uploads\/Products-Bundel-Combi_huis-staafrvs-3-1.png","contentUrl":"https:\/\/analemma-water.nl\/wp-content\/uploads\/Products-Bundel-Combi_huis-staafrvs-3-1.png","width":1080,"height":1080},{"@type":"BreadcrumbList","@id":"https:\/\/analemma-water.nl\/de\/produkt\/home-unit-wasserstab-kombi\/#breadcrumb","itemListElement":[{"@type":"ListItem","position":1,"name":"Home","item":"https:\/\/analemma-water.nl\/de\/"},{"@type":"ListItem","position":2,"name":"Shop","item":"https:\/\/analemma-water.nl\/de\/shop\/"},{"@type":"ListItem","position":3,"name":"Home Unit + Wasserstab Kombi"}]},{"@type":"WebSite","@id":"https:\/\/analemma-water.nl\/de\/#website","url":"https:\/\/analemma-water.nl\/de\/","name":"Analemma Water","description":"INCREDIBLE POWER OF WATER UNLEASHED","publisher":{"@id":"https:\/\/analemma-water.nl\/de\/#organization"},"alternateName":"Analemma","potentialAction":[{"@type":"SearchAction","target":{"@type":"EntryPoint","urlTemplate":"https:\/\/analemma-water.nl\/de\/?s={search_term_string}"},"query-input":{"@type":"PropertyValueSpecification","valueRequired":true,"valueName":"search_term_string"}}],"inLanguage":"de"},{"@type":"Organization","@id":"https:\/\/analemma-water.nl\/de\/#organization","name":"Analemma Water","alternateName":"Analemma","url":"https:\/\/analemma-water.nl\/de\/","logo":{"@type":"ImageObject","inLanguage":"de","@id":"https:\/\/analemma-water.nl\/de\/#\/schema\/logo\/image\/","url":"https:\/\/analemma-water.nl\/wp-content\/uploads\/cropped-favicon-1.png","contentUrl":"https:\/\/analemma-water.nl\/wp-content\/uploads\/cropped-favicon-1.png","width":512,"height":512,"caption":"Analemma Water"},"image":{"@id":"https:\/\/analemma-water.nl\/de\/#\/schema\/logo\/image\/"}}]}},"_links":{"self":[{"href":"https:\/\/analemma-water.nl\/de\/wp-json\/wp\/v2\/product\/3404","targetHints":{"allow":["GET"]}}],"collection":[{"href":"https:\/\/analemma-water.nl\/de\/wp-json\/wp\/v2\/product"}],"about":[{"href":"https:\/\/analemma-water.nl\/de\/wp-json\/wp\/v2\/types\/product"}],"replies":[{"embeddable":true,"href":"https:\/\/analemma-water.nl\/de\/wp-json\/wp\/v2\/comments?post=3404"}],"wp:featuredmedia":[{"embeddable":true,"href":"https:\/\/analemma-water.nl\/de\/wp-json\/wp\/v2\/media\/3886"}],"wp:attachment":[{"href":"https:\/\/analemma-water.nl\/de\/wp-json\/wp\/v2\/media?parent=3404"}],"wp:term":[{"taxonomy":"product_brand","embeddable":true,"href":"https:\/\/analemma-water.nl\/de\/wp-json\/wp\/v2\/product_brand?post=3404"},{"taxonomy":"product_cat","embeddable":true,"href":"https:\/\/analemma-water.nl\/de\/wp-json\/wp\/v2\/product_cat?post=3404"},{"taxonomy":"product_tag","embeddable":true,"href":"https:\/\/analemma-water.nl\/de\/wp-json\/wp\/v2\/product_tag?post=3404"}],"curies":[{"name":"wp","href":"https:\/\/api.w.org\/{rel}","templated":true}]}}