{"id":384,"date":"2025-04-23T13:55:18","date_gmt":"2025-04-23T11:55:18","guid":{"rendered":"https:\/\/analemma-water.nl\/?post_type=product&#038;p=384"},"modified":"2026-03-06T12:12:32","modified_gmt":"2026-03-06T11:12:32","slug":"analemma-wasserstab-aus-luxurioeser-walnuss","status":"publish","type":"product","link":"https:\/\/analemma-water.nl\/de\/produkt\/analemma-wasserstab-aus-luxurioeser-walnuss\/","title":{"rendered":"Wasserstab mit luxuri\u00f6sem Nussbaumholzhalter"},"content":{"rendered":"<p>Mit diesem Quarzkristall-Wasserstab verwandeln Sie gew\u00f6hnliches Leitungswasser in ein kraftvolles Elixier.<br \/>\nDurch die Anwendung der Wissenschaft der Koh\u00e4renz hilft er, die Vitalit\u00e4t und Gesundheit Ihres Wassers zu erh\u00f6hen, was wiederum Ihrem K\u00f6rper zugute kommt.<\/p>\n<p>Genie\u00dfen Sie eine verbesserte Fl\u00fcssigkeitszufuhr und einen erfrischenden Geschmack, w\u00e4hrend Sie gleichzeitig durch Recycling einen Beitrag zur \u00f6kologischen Nachhaltigkeit leisten. Eine einfache, aber effektive M\u00f6glichkeit, Ihr Wohlbefinden positiv zu beeinflussen.<\/p>\n<p>Der Wasserstab ist derselbe wie bei der Ausf\u00fchrung mit Edelstahlhalterung. Bei dieser Variante besteht die Halterung aus edlem Nussbaumholz.<\/p>\n","protected":false},"excerpt":{"rendered":"<p>Verleiht Ihrem Trinkwasser eine fl\u00fcssige, kristalline Struktur und sorgt f\u00fcr Gleichgewicht und Vitalit\u00e4t.<\/p>\n<p>Ausf\u00fchrung mit luxuri\u00f6sem Nussbaumholzhalter.<\/p>\n","protected":false},"featured_media":1169,"template":"","meta":{"_acf_changed":false},"product_brand":[131],"product_cat":[],"product_tag":[284,277],"class_list":{"0":"post-384","1":"product","2":"type-product","3":"status-publish","4":"has-post-thumbnail","6":"product_brand-analemma","7":"product_tag-klant-staaf-gekocht","8":"product_tag-klant-waterstaaf-hout-gekocht","10":"first","11":"instock","12":"taxable","13":"shipping-taxable","14":"purchasable","15":"product-type-simple"},"acf":[],"yoast_head":"<!-- This site is optimized with the Yoast SEO plugin v27.2 - https:\/\/yoast.com\/product\/yoast-seo-wordpress\/ -->\n<title>Wasserstab mit luxuri\u00f6sem Nussbaumholzhalter - Analemma Water<\/title>\n<meta name=\"robots\" content=\"index, follow, max-snippet:-1, max-image-preview:large, max-video-preview:-1\" \/>\n<link rel=\"canonical\" href=\"https:\/\/analemma-water.nl\/de\/produkt\/analemma-wasserstab-aus-luxurioeser-walnuss\/\" \/>\n<meta property=\"og:locale\" content=\"de_DE\" \/>\n<meta property=\"og:type\" content=\"article\" \/>\n<meta property=\"og:title\" content=\"Wasserstab mit luxuri\u00f6sem Nussbaumholzhalter - Analemma Water\" \/>\n<meta property=\"og:description\" content=\"Verleiht Ihrem Trinkwasser eine fl\u00fcssige, kristalline Struktur und sorgt f\u00fcr Gleichgewicht und Vitalit\u00e4t.  Ausf\u00fchrung mit luxuri\u00f6sem Nussbaumholzhalter.\" \/>\n<meta property=\"og:url\" content=\"https:\/\/analemma-water.nl\/de\/produkt\/analemma-wasserstab-aus-luxurioeser-walnuss\/\" \/>\n<meta property=\"og:site_name\" content=\"Analemma Water\" \/>\n<meta property=\"article:modified_time\" content=\"2026-03-06T11:12:32+00:00\" \/>\n<meta property=\"og:image\" content=\"https:\/\/analemma-water.nl\/wp-content\/uploads\/4-1.png\" \/>\n\t<meta property=\"og:image:width\" content=\"1080\" \/>\n\t<meta property=\"og:image:height\" content=\"1080\" \/>\n\t<meta property=\"og:image:type\" content=\"image\/png\" \/>\n<meta name=\"twitter:card\" content=\"summary_large_image\" \/>\n<script type=\"application\/ld+json\" class=\"yoast-schema-graph\">{\"@context\":\"https:\/\/schema.org\",\"@graph\":[{\"@type\":\"WebPage\",\"@id\":\"https:\/\/analemma-water.nl\/de\/produkt\/analemma-wasserstab-aus-luxurioeser-walnuss\/\",\"url\":\"https:\/\/analemma-water.nl\/de\/produkt\/analemma-wasserstab-aus-luxurioeser-walnuss\/\",\"name\":\"Wasserstab mit luxuri\u00f6sem Nussbaumholzhalter - Analemma Water\",\"isPartOf\":{\"@id\":\"https:\/\/analemma-water.nl\/de\/#website\"},\"primaryImageOfPage\":{\"@id\":\"https:\/\/analemma-water.nl\/de\/produkt\/analemma-wasserstab-aus-luxurioeser-walnuss\/#primaryimage\"},\"image\":{\"@id\":\"https:\/\/analemma-water.nl\/de\/produkt\/analemma-wasserstab-aus-luxurioeser-walnuss\/#primaryimage\"},\"thumbnailUrl\":\"https:\/\/analemma-water.nl\/wp-content\/uploads\/4-1.png\",\"datePublished\":\"2025-04-23T11:55:18+00:00\",\"dateModified\":\"2026-03-06T11:12:32+00:00\",\"breadcrumb\":{\"@id\":\"https:\/\/analemma-water.nl\/de\/produkt\/analemma-wasserstab-aus-luxurioeser-walnuss\/#breadcrumb\"},\"inLanguage\":\"de\",\"potentialAction\":[{\"@type\":\"ReadAction\",\"target\":[\"https:\/\/analemma-water.nl\/de\/produkt\/analemma-wasserstab-aus-luxurioeser-walnuss\/\"]}]},{\"@type\":\"ImageObject\",\"inLanguage\":\"de\",\"@id\":\"https:\/\/analemma-water.nl\/de\/produkt\/analemma-wasserstab-aus-luxurioeser-walnuss\/#primaryimage\",\"url\":\"https:\/\/analemma-water.nl\/wp-content\/uploads\/4-1.png\",\"contentUrl\":\"https:\/\/analemma-water.nl\/wp-content\/uploads\/4-1.png\",\"width\":1080,\"height\":1080,\"caption\":\"wasserstab aus luxuri\u00f6ser walnuss\"},{\"@type\":\"BreadcrumbList\",\"@id\":\"https:\/\/analemma-water.nl\/de\/produkt\/analemma-wasserstab-aus-luxurioeser-walnuss\/#breadcrumb\",\"itemListElement\":[{\"@type\":\"ListItem\",\"position\":1,\"name\":\"Home\",\"item\":\"https:\/\/analemma-water.nl\/de\/\"},{\"@type\":\"ListItem\",\"position\":2,\"name\":\"Shop\",\"item\":\"https:\/\/analemma-water.nl\/de\/shop\/\"},{\"@type\":\"ListItem\",\"position\":3,\"name\":\"Wasserstab mit luxuri\u00f6sem Nussbaumholzhalter\"}]},{\"@type\":\"WebSite\",\"@id\":\"https:\/\/analemma-water.nl\/de\/#website\",\"url\":\"https:\/\/analemma-water.nl\/de\/\",\"name\":\"Analemma Water\",\"description\":\"INCREDIBLE POWER OF WATER UNLEASHED\",\"publisher\":{\"@id\":\"https:\/\/analemma-water.nl\/de\/#organization\"},\"alternateName\":\"Analemma\",\"potentialAction\":[{\"@type\":\"SearchAction\",\"target\":{\"@type\":\"EntryPoint\",\"urlTemplate\":\"https:\/\/analemma-water.nl\/de\/?s={search_term_string}\"},\"query-input\":{\"@type\":\"PropertyValueSpecification\",\"valueRequired\":true,\"valueName\":\"search_term_string\"}}],\"inLanguage\":\"de\"},{\"@type\":\"Organization\",\"@id\":\"https:\/\/analemma-water.nl\/de\/#organization\",\"name\":\"Analemma Water\",\"alternateName\":\"Analemma\",\"url\":\"https:\/\/analemma-water.nl\/de\/\",\"logo\":{\"@type\":\"ImageObject\",\"inLanguage\":\"de\",\"@id\":\"https:\/\/analemma-water.nl\/de\/#\/schema\/logo\/image\/\",\"url\":\"https:\/\/analemma-water.nl\/wp-content\/uploads\/cropped-favicon-1.png\",\"contentUrl\":\"https:\/\/analemma-water.nl\/wp-content\/uploads\/cropped-favicon-1.png\",\"width\":512,\"height\":512,\"caption\":\"Analemma Water\"},\"image\":{\"@id\":\"https:\/\/analemma-water.nl\/de\/#\/schema\/logo\/image\/\"}}]}<\/script>\n<!-- \/ Yoast SEO plugin. -->","yoast_head_json":{"title":"Wasserstab mit luxuri\u00f6sem Nussbaumholzhalter - Analemma Water","robots":{"index":"index","follow":"follow","max-snippet":"max-snippet:-1","max-image-preview":"max-image-preview:large","max-video-preview":"max-video-preview:-1"},"canonical":"https:\/\/analemma-water.nl\/de\/produkt\/analemma-wasserstab-aus-luxurioeser-walnuss\/","og_locale":"de_DE","og_type":"article","og_title":"Wasserstab mit luxuri\u00f6sem Nussbaumholzhalter - Analemma Water","og_description":"Verleiht Ihrem Trinkwasser eine fl\u00fcssige, kristalline Struktur und sorgt f\u00fcr Gleichgewicht und Vitalit\u00e4t.  Ausf\u00fchrung mit luxuri\u00f6sem Nussbaumholzhalter.","og_url":"https:\/\/analemma-water.nl\/de\/produkt\/analemma-wasserstab-aus-luxurioeser-walnuss\/","og_site_name":"Analemma Water","article_modified_time":"2026-03-06T11:12:32+00:00","og_image":[{"width":1080,"height":1080,"url":"https:\/\/analemma-water.nl\/wp-content\/uploads\/4-1.png","type":"image\/png"}],"twitter_card":"summary_large_image","schema":{"@context":"https:\/\/schema.org","@graph":[{"@type":"WebPage","@id":"https:\/\/analemma-water.nl\/de\/produkt\/analemma-wasserstab-aus-luxurioeser-walnuss\/","url":"https:\/\/analemma-water.nl\/de\/produkt\/analemma-wasserstab-aus-luxurioeser-walnuss\/","name":"Wasserstab mit luxuri\u00f6sem Nussbaumholzhalter - Analemma Water","isPartOf":{"@id":"https:\/\/analemma-water.nl\/de\/#website"},"primaryImageOfPage":{"@id":"https:\/\/analemma-water.nl\/de\/produkt\/analemma-wasserstab-aus-luxurioeser-walnuss\/#primaryimage"},"image":{"@id":"https:\/\/analemma-water.nl\/de\/produkt\/analemma-wasserstab-aus-luxurioeser-walnuss\/#primaryimage"},"thumbnailUrl":"https:\/\/analemma-water.nl\/wp-content\/uploads\/4-1.png","datePublished":"2025-04-23T11:55:18+00:00","dateModified":"2026-03-06T11:12:32+00:00","breadcrumb":{"@id":"https:\/\/analemma-water.nl\/de\/produkt\/analemma-wasserstab-aus-luxurioeser-walnuss\/#breadcrumb"},"inLanguage":"de","potentialAction":[{"@type":"ReadAction","target":["https:\/\/analemma-water.nl\/de\/produkt\/analemma-wasserstab-aus-luxurioeser-walnuss\/"]}]},{"@type":"ImageObject","inLanguage":"de","@id":"https:\/\/analemma-water.nl\/de\/produkt\/analemma-wasserstab-aus-luxurioeser-walnuss\/#primaryimage","url":"https:\/\/analemma-water.nl\/wp-content\/uploads\/4-1.png","contentUrl":"https:\/\/analemma-water.nl\/wp-content\/uploads\/4-1.png","width":1080,"height":1080,"caption":"wasserstab aus luxuri\u00f6ser walnuss"},{"@type":"BreadcrumbList","@id":"https:\/\/analemma-water.nl\/de\/produkt\/analemma-wasserstab-aus-luxurioeser-walnuss\/#breadcrumb","itemListElement":[{"@type":"ListItem","position":1,"name":"Home","item":"https:\/\/analemma-water.nl\/de\/"},{"@type":"ListItem","position":2,"name":"Shop","item":"https:\/\/analemma-water.nl\/de\/shop\/"},{"@type":"ListItem","position":3,"name":"Wasserstab mit luxuri\u00f6sem Nussbaumholzhalter"}]},{"@type":"WebSite","@id":"https:\/\/analemma-water.nl\/de\/#website","url":"https:\/\/analemma-water.nl\/de\/","name":"Analemma Water","description":"INCREDIBLE POWER OF WATER UNLEASHED","publisher":{"@id":"https:\/\/analemma-water.nl\/de\/#organization"},"alternateName":"Analemma","potentialAction":[{"@type":"SearchAction","target":{"@type":"EntryPoint","urlTemplate":"https:\/\/analemma-water.nl\/de\/?s={search_term_string}"},"query-input":{"@type":"PropertyValueSpecification","valueRequired":true,"valueName":"search_term_string"}}],"inLanguage":"de"},{"@type":"Organization","@id":"https:\/\/analemma-water.nl\/de\/#organization","name":"Analemma Water","alternateName":"Analemma","url":"https:\/\/analemma-water.nl\/de\/","logo":{"@type":"ImageObject","inLanguage":"de","@id":"https:\/\/analemma-water.nl\/de\/#\/schema\/logo\/image\/","url":"https:\/\/analemma-water.nl\/wp-content\/uploads\/cropped-favicon-1.png","contentUrl":"https:\/\/analemma-water.nl\/wp-content\/uploads\/cropped-favicon-1.png","width":512,"height":512,"caption":"Analemma Water"},"image":{"@id":"https:\/\/analemma-water.nl\/de\/#\/schema\/logo\/image\/"}}]}},"_links":{"self":[{"href":"https:\/\/analemma-water.nl\/de\/wp-json\/wp\/v2\/product\/384","targetHints":{"allow":["GET"]}}],"collection":[{"href":"https:\/\/analemma-water.nl\/de\/wp-json\/wp\/v2\/product"}],"about":[{"href":"https:\/\/analemma-water.nl\/de\/wp-json\/wp\/v2\/types\/product"}],"wp:featuredmedia":[{"embeddable":true,"href":"https:\/\/analemma-water.nl\/de\/wp-json\/wp\/v2\/media\/1169"}],"wp:attachment":[{"href":"https:\/\/analemma-water.nl\/de\/wp-json\/wp\/v2\/media?parent=384"}],"wp:term":[{"taxonomy":"product_brand","embeddable":true,"href":"https:\/\/analemma-water.nl\/de\/wp-json\/wp\/v2\/product_brand?post=384"},{"taxonomy":"product_cat","embeddable":true,"href":"https:\/\/analemma-water.nl\/de\/wp-json\/wp\/v2\/product_cat?post=384"},{"taxonomy":"product_tag","embeddable":true,"href":"https:\/\/analemma-water.nl\/de\/wp-json\/wp\/v2\/product_tag?post=384"}],"curies":[{"name":"wp","href":"https:\/\/api.w.org\/{rel}","templated":true}]}}