{"id":393,"date":"2025-04-23T14:00:01","date_gmt":"2025-04-23T12:00:01","guid":{"rendered":"https:\/\/analemma-water.nl\/?post_type=product&#038;p=393"},"modified":"2026-02-13T14:40:24","modified_gmt":"2026-02-13T13:40:24","slug":"analemma-trinkflasche","status":"publish","type":"product","link":"https:\/\/analemma-water.nl\/de\/produkt\/analemma-trinkflasche\/","title":{"rendered":"Water Bottle (710 ml)"},"content":{"rendered":"<div class=\"elementor-element elementor-element-6d5962ad elementor-widget-tablet__width-initial elementor-widget elementor-widget-heading\" data-id=\"6d5962ad\" data-element_type=\"widget\" data-widget_type=\"heading.default\">\n<div class=\"elementor-widget-container\">\n<h2 class=\"elementor-heading-title elementor-size-default\">Immer Analemma-Wasser dabei<\/h2>\n<\/div>\n<\/div>\n<div class=\"elementor-element elementor-element-4647f654 text elementor-widget__width-initial elementor-widget elementor-widget-text-editor\" data-id=\"4647f654\" data-element_type=\"widget\" data-widget_type=\"text-editor.default\">\n<div class=\"elementor-widget-container\">\n<p>Mit unserer Water Bottle haben Sie von nun an immer koh\u00e4rentes Wasser dabei!<\/p>\n<p>Einfach mit Wasser f\u00fcllen und fertig.<\/p>\n<p>Im Inneren ist die Water Bottle mit einem speziellen Analemma ausgestattet, der daf\u00fcr sorgt, dass das Wasser mit ihm in Ber\u00fchrung kommt und somit koh\u00e4rent wird und bleibt.<\/p>\n<p>F\u00fcr den Gebrauch zu Hause, unterwegs, beim Sport oder beim Wandern; \u00fcberall dort, wo Sie koh\u00e4rentes Trinkwasser zur Hand haben m\u00f6chten.<\/p>\n<p>Also nicht nur eine weitere Wasserflasche, sondern ein vollwertiges Analemma-Produkt.<\/p>\n<p>Erh\u00e4ltlich in Wei\u00df und Schwarz.<\/p>\n<\/div>\n<\/div>\n<p><img loading=\"lazy\" decoding=\"async\" class=\"alignnone size-medium wp-image-1423\" src=\"https:\/\/analemma-water.de\/wp-content\/uploads\/10-300x300.png\" alt=\"Water Bottle\" width=\"300\" height=\"300\" \/> <img loading=\"lazy\" decoding=\"async\" class=\"alignnone size-medium wp-image-1447\" src=\"https:\/\/analemma-water.de\/wp-content\/uploads\/22-1-300x300.png\" alt=\"Water Bottle\" width=\"300\" height=\"300\" \/> <img loading=\"lazy\" decoding=\"async\" class=\"alignnone size-medium wp-image-1443\" src=\"https:\/\/analemma-water.de\/wp-content\/uploads\/20-1-300x300.png\" alt=\"Water Bottle\" width=\"300\" height=\"300\" \/><\/p>\n<p>Genie\u00dfen Sie koh\u00e4rentes Wasser im Freien, ohne mit einem Wasserstab umr\u00fchren zu m\u00fcssen. Das eingebaute Wasserinlay sorgt daf\u00fcr, dass das Wasser jedes Mal, wenn Sie Ihre Wasserflasche f\u00fcllen, k\u00f6stlich koh\u00e4rent ist.<\/p>\n","protected":false},"excerpt":{"rendered":"<p>Eine sehr sch\u00f6ne Trinkflasche mit integrierter Analemma-Einheit.<\/p>\n<p>Nie wieder ohne koh\u00e4rentes Wasser. F\u00fcr unterwegs, beim Wandern, im Urlaub usw.<\/p>\n","protected":false},"featured_media":1882,"template":"","meta":{"_acf_changed":false},"product_brand":[131],"product_cat":[],"product_tag":[281],"class_list":{"0":"post-393","1":"product","2":"type-product","3":"status-publish","4":"has-post-thumbnail","6":"product_brand-analemma","7":"product_tag-klant-water-bottle-gekocht","9":"first","10":"outofstock","11":"taxable","12":"shipping-taxable","13":"purchasable","14":"product-type-variable"},"acf":[],"yoast_head":"<!-- This site is optimized with the Yoast SEO plugin v27.2 - https:\/\/yoast.com\/product\/yoast-seo-wordpress\/ -->\n<title>Water Bottle (710 ml) - Analemma Water<\/title>\n<meta name=\"robots\" content=\"index, follow, max-snippet:-1, max-image-preview:large, max-video-preview:-1\" \/>\n<link rel=\"canonical\" href=\"https:\/\/analemma-water.nl\/de\/produkt\/analemma-trinkflasche\/\" \/>\n<meta property=\"og:locale\" content=\"de_DE\" \/>\n<meta property=\"og:type\" content=\"article\" \/>\n<meta property=\"og:title\" content=\"Water Bottle (710 ml) - Analemma Water\" \/>\n<meta property=\"og:description\" content=\"Eine sehr sch\u00f6ne Trinkflasche mit integrierter Analemma-Einheit.  Nie wieder ohne koh\u00e4rentes Wasser. F\u00fcr unterwegs, beim Wandern, im Urlaub usw.\" \/>\n<meta property=\"og:url\" content=\"https:\/\/analemma-water.nl\/de\/produkt\/analemma-trinkflasche\/\" \/>\n<meta property=\"og:site_name\" content=\"Analemma Water\" \/>\n<meta property=\"article:modified_time\" content=\"2026-02-13T13:40:24+00:00\" \/>\n<meta property=\"og:image\" content=\"https:\/\/analemma-water.nl\/wp-content\/uploads\/analemma_wb_2box.png\" \/>\n\t<meta property=\"og:image:width\" content=\"1080\" \/>\n\t<meta property=\"og:image:height\" content=\"1080\" \/>\n\t<meta property=\"og:image:type\" content=\"image\/png\" \/>\n<meta name=\"twitter:card\" content=\"summary_large_image\" \/>\n<script type=\"application\/ld+json\" class=\"yoast-schema-graph\">{\"@context\":\"https:\/\/schema.org\",\"@graph\":[{\"@type\":\"WebPage\",\"@id\":\"https:\/\/analemma-water.nl\/de\/produkt\/analemma-trinkflasche\/\",\"url\":\"https:\/\/analemma-water.nl\/de\/produkt\/analemma-trinkflasche\/\",\"name\":\"Water Bottle (710 ml) - Analemma Water\",\"isPartOf\":{\"@id\":\"https:\/\/analemma-water.nl\/de\/#website\"},\"primaryImageOfPage\":{\"@id\":\"https:\/\/analemma-water.nl\/de\/produkt\/analemma-trinkflasche\/#primaryimage\"},\"image\":{\"@id\":\"https:\/\/analemma-water.nl\/de\/produkt\/analemma-trinkflasche\/#primaryimage\"},\"thumbnailUrl\":\"https:\/\/analemma-water.nl\/wp-content\/uploads\/analemma_wb_2box.png\",\"datePublished\":\"2025-04-23T12:00:01+00:00\",\"dateModified\":\"2026-02-13T13:40:24+00:00\",\"breadcrumb\":{\"@id\":\"https:\/\/analemma-water.nl\/de\/produkt\/analemma-trinkflasche\/#breadcrumb\"},\"inLanguage\":\"de\",\"potentialAction\":[{\"@type\":\"ReadAction\",\"target\":[\"https:\/\/analemma-water.nl\/de\/produkt\/analemma-trinkflasche\/\"]}]},{\"@type\":\"ImageObject\",\"inLanguage\":\"de\",\"@id\":\"https:\/\/analemma-water.nl\/de\/produkt\/analemma-trinkflasche\/#primaryimage\",\"url\":\"https:\/\/analemma-water.nl\/wp-content\/uploads\/analemma_wb_2box.png\",\"contentUrl\":\"https:\/\/analemma-water.nl\/wp-content\/uploads\/analemma_wb_2box.png\",\"width\":1080,\"height\":1080,\"caption\":\"Analemma Water Bottle\"},{\"@type\":\"BreadcrumbList\",\"@id\":\"https:\/\/analemma-water.nl\/de\/produkt\/analemma-trinkflasche\/#breadcrumb\",\"itemListElement\":[{\"@type\":\"ListItem\",\"position\":1,\"name\":\"Home\",\"item\":\"https:\/\/analemma-water.nl\/de\/\"},{\"@type\":\"ListItem\",\"position\":2,\"name\":\"Shop\",\"item\":\"https:\/\/analemma-water.nl\/de\/shop\/\"},{\"@type\":\"ListItem\",\"position\":3,\"name\":\"Water Bottle (710 ml)\"}]},{\"@type\":\"WebSite\",\"@id\":\"https:\/\/analemma-water.nl\/de\/#website\",\"url\":\"https:\/\/analemma-water.nl\/de\/\",\"name\":\"Analemma Water\",\"description\":\"INCREDIBLE POWER OF WATER UNLEASHED\",\"publisher\":{\"@id\":\"https:\/\/analemma-water.nl\/de\/#organization\"},\"alternateName\":\"Analemma\",\"potentialAction\":[{\"@type\":\"SearchAction\",\"target\":{\"@type\":\"EntryPoint\",\"urlTemplate\":\"https:\/\/analemma-water.nl\/de\/?s={search_term_string}\"},\"query-input\":{\"@type\":\"PropertyValueSpecification\",\"valueRequired\":true,\"valueName\":\"search_term_string\"}}],\"inLanguage\":\"de\"},{\"@type\":\"Organization\",\"@id\":\"https:\/\/analemma-water.nl\/de\/#organization\",\"name\":\"Analemma Water\",\"alternateName\":\"Analemma\",\"url\":\"https:\/\/analemma-water.nl\/de\/\",\"logo\":{\"@type\":\"ImageObject\",\"inLanguage\":\"de\",\"@id\":\"https:\/\/analemma-water.nl\/de\/#\/schema\/logo\/image\/\",\"url\":\"https:\/\/analemma-water.nl\/wp-content\/uploads\/cropped-favicon-1.png\",\"contentUrl\":\"https:\/\/analemma-water.nl\/wp-content\/uploads\/cropped-favicon-1.png\",\"width\":512,\"height\":512,\"caption\":\"Analemma Water\"},\"image\":{\"@id\":\"https:\/\/analemma-water.nl\/de\/#\/schema\/logo\/image\/\"}}]}<\/script>\n<!-- \/ Yoast SEO plugin. -->","yoast_head_json":{"title":"Water Bottle (710 ml) - Analemma Water","robots":{"index":"index","follow":"follow","max-snippet":"max-snippet:-1","max-image-preview":"max-image-preview:large","max-video-preview":"max-video-preview:-1"},"canonical":"https:\/\/analemma-water.nl\/de\/produkt\/analemma-trinkflasche\/","og_locale":"de_DE","og_type":"article","og_title":"Water Bottle (710 ml) - Analemma Water","og_description":"Eine sehr sch\u00f6ne Trinkflasche mit integrierter Analemma-Einheit.  Nie wieder ohne koh\u00e4rentes Wasser. F\u00fcr unterwegs, beim Wandern, im Urlaub usw.","og_url":"https:\/\/analemma-water.nl\/de\/produkt\/analemma-trinkflasche\/","og_site_name":"Analemma Water","article_modified_time":"2026-02-13T13:40:24+00:00","og_image":[{"width":1080,"height":1080,"url":"https:\/\/analemma-water.nl\/wp-content\/uploads\/analemma_wb_2box.png","type":"image\/png"}],"twitter_card":"summary_large_image","schema":{"@context":"https:\/\/schema.org","@graph":[{"@type":"WebPage","@id":"https:\/\/analemma-water.nl\/de\/produkt\/analemma-trinkflasche\/","url":"https:\/\/analemma-water.nl\/de\/produkt\/analemma-trinkflasche\/","name":"Water Bottle (710 ml) - Analemma Water","isPartOf":{"@id":"https:\/\/analemma-water.nl\/de\/#website"},"primaryImageOfPage":{"@id":"https:\/\/analemma-water.nl\/de\/produkt\/analemma-trinkflasche\/#primaryimage"},"image":{"@id":"https:\/\/analemma-water.nl\/de\/produkt\/analemma-trinkflasche\/#primaryimage"},"thumbnailUrl":"https:\/\/analemma-water.nl\/wp-content\/uploads\/analemma_wb_2box.png","datePublished":"2025-04-23T12:00:01+00:00","dateModified":"2026-02-13T13:40:24+00:00","breadcrumb":{"@id":"https:\/\/analemma-water.nl\/de\/produkt\/analemma-trinkflasche\/#breadcrumb"},"inLanguage":"de","potentialAction":[{"@type":"ReadAction","target":["https:\/\/analemma-water.nl\/de\/produkt\/analemma-trinkflasche\/"]}]},{"@type":"ImageObject","inLanguage":"de","@id":"https:\/\/analemma-water.nl\/de\/produkt\/analemma-trinkflasche\/#primaryimage","url":"https:\/\/analemma-water.nl\/wp-content\/uploads\/analemma_wb_2box.png","contentUrl":"https:\/\/analemma-water.nl\/wp-content\/uploads\/analemma_wb_2box.png","width":1080,"height":1080,"caption":"Analemma Water Bottle"},{"@type":"BreadcrumbList","@id":"https:\/\/analemma-water.nl\/de\/produkt\/analemma-trinkflasche\/#breadcrumb","itemListElement":[{"@type":"ListItem","position":1,"name":"Home","item":"https:\/\/analemma-water.nl\/de\/"},{"@type":"ListItem","position":2,"name":"Shop","item":"https:\/\/analemma-water.nl\/de\/shop\/"},{"@type":"ListItem","position":3,"name":"Water Bottle (710 ml)"}]},{"@type":"WebSite","@id":"https:\/\/analemma-water.nl\/de\/#website","url":"https:\/\/analemma-water.nl\/de\/","name":"Analemma Water","description":"INCREDIBLE POWER OF WATER UNLEASHED","publisher":{"@id":"https:\/\/analemma-water.nl\/de\/#organization"},"alternateName":"Analemma","potentialAction":[{"@type":"SearchAction","target":{"@type":"EntryPoint","urlTemplate":"https:\/\/analemma-water.nl\/de\/?s={search_term_string}"},"query-input":{"@type":"PropertyValueSpecification","valueRequired":true,"valueName":"search_term_string"}}],"inLanguage":"de"},{"@type":"Organization","@id":"https:\/\/analemma-water.nl\/de\/#organization","name":"Analemma Water","alternateName":"Analemma","url":"https:\/\/analemma-water.nl\/de\/","logo":{"@type":"ImageObject","inLanguage":"de","@id":"https:\/\/analemma-water.nl\/de\/#\/schema\/logo\/image\/","url":"https:\/\/analemma-water.nl\/wp-content\/uploads\/cropped-favicon-1.png","contentUrl":"https:\/\/analemma-water.nl\/wp-content\/uploads\/cropped-favicon-1.png","width":512,"height":512,"caption":"Analemma Water"},"image":{"@id":"https:\/\/analemma-water.nl\/de\/#\/schema\/logo\/image\/"}}]}},"_links":{"self":[{"href":"https:\/\/analemma-water.nl\/de\/wp-json\/wp\/v2\/product\/393","targetHints":{"allow":["GET"]}}],"collection":[{"href":"https:\/\/analemma-water.nl\/de\/wp-json\/wp\/v2\/product"}],"about":[{"href":"https:\/\/analemma-water.nl\/de\/wp-json\/wp\/v2\/types\/product"}],"wp:featuredmedia":[{"embeddable":true,"href":"https:\/\/analemma-water.nl\/de\/wp-json\/wp\/v2\/media\/1882"}],"wp:attachment":[{"href":"https:\/\/analemma-water.nl\/de\/wp-json\/wp\/v2\/media?parent=393"}],"wp:term":[{"taxonomy":"product_brand","embeddable":true,"href":"https:\/\/analemma-water.nl\/de\/wp-json\/wp\/v2\/product_brand?post=393"},{"taxonomy":"product_cat","embeddable":true,"href":"https:\/\/analemma-water.nl\/de\/wp-json\/wp\/v2\/product_cat?post=393"},{"taxonomy":"product_tag","embeddable":true,"href":"https:\/\/analemma-water.nl\/de\/wp-json\/wp\/v2\/product_tag?post=393"}],"curies":[{"name":"wp","href":"https:\/\/api.w.org\/{rel}","templated":true}]}}