{"id":396,"date":"2025-04-23T14:01:26","date_gmt":"2025-04-23T12:01:26","guid":{"rendered":"https:\/\/analemma-water.nl\/?post_type=product&#038;p=396"},"modified":"2026-02-18T13:16:22","modified_gmt":"2026-02-18T12:16:22","slug":"analemma-verwendungseinheit","status":"publish","type":"product","link":"https:\/\/analemma-water.nl\/de\/produkt\/analemma-verwendungseinheit\/","title":{"rendered":"Point Of Use Unit"},"content":{"rendered":"<p class=\"cvGsUA direction-ltr align-start para-style-body\"><span class=\"OYPEnA font-feature-liga-off font-feature-clig-off font-feature-calt-off text-decoration-none text-strikethrough-none\">Verwenden Sie diese Analemma Verwendungseinheit an Orte, wo eine einzige Verbindung m\u00f6glich ist. <\/span><\/p>\n<p class=\"cvGsUA direction-ltr align-start para-style-body\"><span class=\"OYPEnA font-feature-liga-off font-feature-clig-off font-feature-calt-off text-decoration-none text-strikethrough-none\">Geeignet f\u00fcr verschiedene Armaturen f\u00fcr den Einsatz, unter anderem; unter der K\u00fcchensp\u00fcle, am Wasserschlauch im Garten, im Wohnmobil oder Wohnwagen, im Urlaub am Wasserhahn oder im Ferienhaus.<\/span><\/p>\n<p class=\"cvGsUA direction-ltr align-start para-style-body\"><span class=\"OYPEnA font-feature-liga-off font-feature-clig-off font-feature-calt-off text-decoration-none text-strikethrough-none\">\u00dcber die Au\u00dfengewinde an diesem Ger\u00e4t kann die gew\u00fcnschte Aufschraubarmatur angeschlossen werden.<\/span><\/p>\n<p class=\"cvGsUA direction-ltr align-start para-style-body\"><span class=\"OYPEnA font-feature-liga-off font-feature-clig-off font-feature-calt-off text-decoration-none text-strikethrough-none\">Dies erm\u00f6glicht eine gr\u00f6\u00dfere Vielseitigkeit beim Anschluss an Ihre Wasserstelle.<\/span><\/p>\n<p class=\"cvGsUA direction-ltr align-start para-style-body\"><span class=\"OYPEnA font-feature-liga-off font-feature-clig-off font-feature-calt-off text-decoration-none text-strikethrough-none\">Das Point of Use Ger\u00e4t hat auf beiden Seiten Au\u00dfengewinde. An diesen Enden k\u00f6nnen Anschl\u00fcsse mit 1\/2\u2033-Fittings angebracht werden.<\/span><\/p>\n<p class=\"cvGsUA direction-ltr align-start para-style-body\"><span class=\"OYPEnA font-feature-liga-off font-feature-clig-off font-feature-calt-off text-decoration-none text-strikethrough-none\">In einem Baumarkt oder Fachgesch\u00e4ft sind verschiedene Arten von Fittings erh\u00e4ltlich, um das Ger\u00e4t an die von Ihnen gew\u00e4hlte Wasserentnahmestelle anzuschlie\u00dfen. <\/span><\/p>\n<p class=\"cvGsUA direction-ltr align-start para-style-body\"><span class=\"OYPEnA font-feature-liga-off font-feature-clig-off font-feature-calt-off text-decoration-none text-strikethrough-none\">Fittings oder Anschlussteile sind beim Kauf dieses Ger\u00e4ts nicht enthalten.<\/span><\/p>\n","protected":false},"excerpt":{"rendered":"<p><span class=\"OYPEnA font-feature-liga-off font-feature-clig-off font-feature-calt-off text-decoration-none text-strikethrough-none\">Die Point-of-Use-Einheit versorgt Sie mit stabilem, zusammenh\u00e4ngendem Wasser <strong>an einer bestimmten Wasserstelle<\/strong>.<\/span><\/p>\n","protected":false},"featured_media":1307,"template":"","meta":{"_acf_changed":false},"product_brand":[131],"product_cat":[],"product_tag":[282],"class_list":{"0":"post-396","1":"product","2":"type-product","3":"status-publish","4":"has-post-thumbnail","6":"product_brand-analemma","7":"product_tag-klant-point-of-use-gekocht","8":"product_shipping_class-gratis-verzending","10":"first","11":"instock","12":"taxable","13":"shipping-taxable","14":"purchasable","15":"product-type-simple"},"acf":[],"yoast_head":"<!-- This site is optimized with the Yoast SEO plugin v27.2 - https:\/\/yoast.com\/product\/yoast-seo-wordpress\/ -->\n<title>Point Of Use Unit - Analemma Water<\/title>\n<meta name=\"robots\" content=\"index, follow, max-snippet:-1, max-image-preview:large, max-video-preview:-1\" \/>\n<link rel=\"canonical\" href=\"https:\/\/analemma-water.nl\/de\/produkt\/analemma-verwendungseinheit\/\" \/>\n<meta property=\"og:locale\" content=\"de_DE\" \/>\n<meta property=\"og:type\" content=\"article\" \/>\n<meta property=\"og:title\" content=\"Point Of Use Unit - Analemma Water\" \/>\n<meta property=\"og:description\" content=\"Die Point-of-Use-Einheit versorgt Sie mit stabilem, zusammenh\u00e4ngendem Wasser an einer bestimmten Wasserstelle.\" \/>\n<meta property=\"og:url\" content=\"https:\/\/analemma-water.nl\/de\/produkt\/analemma-verwendungseinheit\/\" \/>\n<meta property=\"og:site_name\" content=\"Analemma Water\" \/>\n<meta property=\"article:modified_time\" content=\"2026-02-18T12:16:22+00:00\" \/>\n<meta property=\"og:image\" content=\"https:\/\/analemma-water.nl\/wp-content\/uploads\/analemma_pou_header.png\" \/>\n\t<meta property=\"og:image:width\" content=\"1080\" \/>\n\t<meta property=\"og:image:height\" content=\"1080\" \/>\n\t<meta property=\"og:image:type\" content=\"image\/png\" \/>\n<meta name=\"twitter:card\" content=\"summary_large_image\" \/>\n<script type=\"application\/ld+json\" class=\"yoast-schema-graph\">{\"@context\":\"https:\/\/schema.org\",\"@graph\":[{\"@type\":\"WebPage\",\"@id\":\"https:\/\/analemma-water.nl\/de\/produkt\/analemma-verwendungseinheit\/\",\"url\":\"https:\/\/analemma-water.nl\/de\/produkt\/analemma-verwendungseinheit\/\",\"name\":\"Point Of Use Unit - Analemma Water\",\"isPartOf\":{\"@id\":\"https:\/\/analemma-water.nl\/de\/#website\"},\"primaryImageOfPage\":{\"@id\":\"https:\/\/analemma-water.nl\/de\/produkt\/analemma-verwendungseinheit\/#primaryimage\"},\"image\":{\"@id\":\"https:\/\/analemma-water.nl\/de\/produkt\/analemma-verwendungseinheit\/#primaryimage\"},\"thumbnailUrl\":\"https:\/\/analemma-water.nl\/wp-content\/uploads\/analemma_pou_header.png\",\"datePublished\":\"2025-04-23T12:01:26+00:00\",\"dateModified\":\"2026-02-18T12:16:22+00:00\",\"breadcrumb\":{\"@id\":\"https:\/\/analemma-water.nl\/de\/produkt\/analemma-verwendungseinheit\/#breadcrumb\"},\"inLanguage\":\"de\",\"potentialAction\":[{\"@type\":\"ReadAction\",\"target\":[\"https:\/\/analemma-water.nl\/de\/produkt\/analemma-verwendungseinheit\/\"]}]},{\"@type\":\"ImageObject\",\"inLanguage\":\"de\",\"@id\":\"https:\/\/analemma-water.nl\/de\/produkt\/analemma-verwendungseinheit\/#primaryimage\",\"url\":\"https:\/\/analemma-water.nl\/wp-content\/uploads\/analemma_pou_header.png\",\"contentUrl\":\"https:\/\/analemma-water.nl\/wp-content\/uploads\/analemma_pou_header.png\",\"width\":1080,\"height\":1080,\"caption\":\"verwendungseinheit\"},{\"@type\":\"BreadcrumbList\",\"@id\":\"https:\/\/analemma-water.nl\/de\/produkt\/analemma-verwendungseinheit\/#breadcrumb\",\"itemListElement\":[{\"@type\":\"ListItem\",\"position\":1,\"name\":\"Home\",\"item\":\"https:\/\/analemma-water.nl\/de\/\"},{\"@type\":\"ListItem\",\"position\":2,\"name\":\"Shop\",\"item\":\"https:\/\/analemma-water.nl\/de\/shop\/\"},{\"@type\":\"ListItem\",\"position\":3,\"name\":\"Point Of Use Unit\"}]},{\"@type\":\"WebSite\",\"@id\":\"https:\/\/analemma-water.nl\/de\/#website\",\"url\":\"https:\/\/analemma-water.nl\/de\/\",\"name\":\"Analemma Water\",\"description\":\"INCREDIBLE POWER OF WATER UNLEASHED\",\"publisher\":{\"@id\":\"https:\/\/analemma-water.nl\/de\/#organization\"},\"alternateName\":\"Analemma\",\"potentialAction\":[{\"@type\":\"SearchAction\",\"target\":{\"@type\":\"EntryPoint\",\"urlTemplate\":\"https:\/\/analemma-water.nl\/de\/?s={search_term_string}\"},\"query-input\":{\"@type\":\"PropertyValueSpecification\",\"valueRequired\":true,\"valueName\":\"search_term_string\"}}],\"inLanguage\":\"de\"},{\"@type\":\"Organization\",\"@id\":\"https:\/\/analemma-water.nl\/de\/#organization\",\"name\":\"Analemma Water\",\"alternateName\":\"Analemma\",\"url\":\"https:\/\/analemma-water.nl\/de\/\",\"logo\":{\"@type\":\"ImageObject\",\"inLanguage\":\"de\",\"@id\":\"https:\/\/analemma-water.nl\/de\/#\/schema\/logo\/image\/\",\"url\":\"https:\/\/analemma-water.nl\/wp-content\/uploads\/cropped-favicon-1.png\",\"contentUrl\":\"https:\/\/analemma-water.nl\/wp-content\/uploads\/cropped-favicon-1.png\",\"width\":512,\"height\":512,\"caption\":\"Analemma Water\"},\"image\":{\"@id\":\"https:\/\/analemma-water.nl\/de\/#\/schema\/logo\/image\/\"}}]}<\/script>\n<!-- \/ Yoast SEO plugin. -->","yoast_head_json":{"title":"Point Of Use Unit - Analemma Water","robots":{"index":"index","follow":"follow","max-snippet":"max-snippet:-1","max-image-preview":"max-image-preview:large","max-video-preview":"max-video-preview:-1"},"canonical":"https:\/\/analemma-water.nl\/de\/produkt\/analemma-verwendungseinheit\/","og_locale":"de_DE","og_type":"article","og_title":"Point Of Use Unit - Analemma Water","og_description":"Die Point-of-Use-Einheit versorgt Sie mit stabilem, zusammenh\u00e4ngendem Wasser an einer bestimmten Wasserstelle.","og_url":"https:\/\/analemma-water.nl\/de\/produkt\/analemma-verwendungseinheit\/","og_site_name":"Analemma Water","article_modified_time":"2026-02-18T12:16:22+00:00","og_image":[{"width":1080,"height":1080,"url":"https:\/\/analemma-water.nl\/wp-content\/uploads\/analemma_pou_header.png","type":"image\/png"}],"twitter_card":"summary_large_image","schema":{"@context":"https:\/\/schema.org","@graph":[{"@type":"WebPage","@id":"https:\/\/analemma-water.nl\/de\/produkt\/analemma-verwendungseinheit\/","url":"https:\/\/analemma-water.nl\/de\/produkt\/analemma-verwendungseinheit\/","name":"Point Of Use Unit - Analemma Water","isPartOf":{"@id":"https:\/\/analemma-water.nl\/de\/#website"},"primaryImageOfPage":{"@id":"https:\/\/analemma-water.nl\/de\/produkt\/analemma-verwendungseinheit\/#primaryimage"},"image":{"@id":"https:\/\/analemma-water.nl\/de\/produkt\/analemma-verwendungseinheit\/#primaryimage"},"thumbnailUrl":"https:\/\/analemma-water.nl\/wp-content\/uploads\/analemma_pou_header.png","datePublished":"2025-04-23T12:01:26+00:00","dateModified":"2026-02-18T12:16:22+00:00","breadcrumb":{"@id":"https:\/\/analemma-water.nl\/de\/produkt\/analemma-verwendungseinheit\/#breadcrumb"},"inLanguage":"de","potentialAction":[{"@type":"ReadAction","target":["https:\/\/analemma-water.nl\/de\/produkt\/analemma-verwendungseinheit\/"]}]},{"@type":"ImageObject","inLanguage":"de","@id":"https:\/\/analemma-water.nl\/de\/produkt\/analemma-verwendungseinheit\/#primaryimage","url":"https:\/\/analemma-water.nl\/wp-content\/uploads\/analemma_pou_header.png","contentUrl":"https:\/\/analemma-water.nl\/wp-content\/uploads\/analemma_pou_header.png","width":1080,"height":1080,"caption":"verwendungseinheit"},{"@type":"BreadcrumbList","@id":"https:\/\/analemma-water.nl\/de\/produkt\/analemma-verwendungseinheit\/#breadcrumb","itemListElement":[{"@type":"ListItem","position":1,"name":"Home","item":"https:\/\/analemma-water.nl\/de\/"},{"@type":"ListItem","position":2,"name":"Shop","item":"https:\/\/analemma-water.nl\/de\/shop\/"},{"@type":"ListItem","position":3,"name":"Point Of Use Unit"}]},{"@type":"WebSite","@id":"https:\/\/analemma-water.nl\/de\/#website","url":"https:\/\/analemma-water.nl\/de\/","name":"Analemma Water","description":"INCREDIBLE POWER OF WATER UNLEASHED","publisher":{"@id":"https:\/\/analemma-water.nl\/de\/#organization"},"alternateName":"Analemma","potentialAction":[{"@type":"SearchAction","target":{"@type":"EntryPoint","urlTemplate":"https:\/\/analemma-water.nl\/de\/?s={search_term_string}"},"query-input":{"@type":"PropertyValueSpecification","valueRequired":true,"valueName":"search_term_string"}}],"inLanguage":"de"},{"@type":"Organization","@id":"https:\/\/analemma-water.nl\/de\/#organization","name":"Analemma Water","alternateName":"Analemma","url":"https:\/\/analemma-water.nl\/de\/","logo":{"@type":"ImageObject","inLanguage":"de","@id":"https:\/\/analemma-water.nl\/de\/#\/schema\/logo\/image\/","url":"https:\/\/analemma-water.nl\/wp-content\/uploads\/cropped-favicon-1.png","contentUrl":"https:\/\/analemma-water.nl\/wp-content\/uploads\/cropped-favicon-1.png","width":512,"height":512,"caption":"Analemma Water"},"image":{"@id":"https:\/\/analemma-water.nl\/de\/#\/schema\/logo\/image\/"}}]}},"_links":{"self":[{"href":"https:\/\/analemma-water.nl\/de\/wp-json\/wp\/v2\/product\/396","targetHints":{"allow":["GET"]}}],"collection":[{"href":"https:\/\/analemma-water.nl\/de\/wp-json\/wp\/v2\/product"}],"about":[{"href":"https:\/\/analemma-water.nl\/de\/wp-json\/wp\/v2\/types\/product"}],"wp:featuredmedia":[{"embeddable":true,"href":"https:\/\/analemma-water.nl\/de\/wp-json\/wp\/v2\/media\/1307"}],"wp:attachment":[{"href":"https:\/\/analemma-water.nl\/de\/wp-json\/wp\/v2\/media?parent=396"}],"wp:term":[{"taxonomy":"product_brand","embeddable":true,"href":"https:\/\/analemma-water.nl\/de\/wp-json\/wp\/v2\/product_brand?post=396"},{"taxonomy":"product_cat","embeddable":true,"href":"https:\/\/analemma-water.nl\/de\/wp-json\/wp\/v2\/product_cat?post=396"},{"taxonomy":"product_tag","embeddable":true,"href":"https:\/\/analemma-water.nl\/de\/wp-json\/wp\/v2\/product_tag?post=396"}],"curies":[{"name":"wp","href":"https:\/\/api.w.org\/{rel}","templated":true}]}}