{"id":399,"date":"2025-04-23T14:02:28","date_gmt":"2025-04-23T12:02:28","guid":{"rendered":"https:\/\/analemma-water.nl\/?post_type=product&#038;p=399"},"modified":"2026-04-08T22:59:40","modified_gmt":"2026-04-08T20:59:40","slug":"analemma-wassereinlage","status":"publish","type":"product","link":"https:\/\/analemma-water.nl\/de\/produkt\/analemma-wassereinlage\/","title":{"rendered":"Water Inlay"},"content":{"rendered":"<p>Das Analemma Water Inlay wurde speziell f\u00fcr den langfristigen Einsatz unter Wasser entwickelt.<\/p>\n<p>Denken Sie beispielsweise an den Einsatz in Tischwasserfiltersystemen wie einem Berkey- oder Aqualine-Wasserfilter, in Wasserk\u00fchlern, Trinkwasserspendern usw. Es l\u00e4sst sich aber auch leicht in Trinkwasserbeh\u00e4ltern f\u00fcr (gr\u00f6\u00dfere) Tiere platzieren.<\/p>\n<p>Das Water Inlay kann einfach im Wasser liegen bleiben. Es wurde kein Klebstoff verwendet und es sind keine Teile enthalten, die sich l\u00f6sen k\u00f6nnten.<\/p>\n<p>Bei dem f\u00fcr den Analemma-Wasserstab verwendeten Klebstoff, mit dem der Edelstahlgriff am Kristallglasr\u00f6hrchen befestigt wird, ist dies jedoch der Fall.<\/p>\n<p>Legen Sie das Water Inlay einfach flach auf den Boden Ihres gew\u00fcnschten Trinkwasserbeh\u00e4lters oder Filtersystems und fertig!<\/p>\n<p>Durch die Bewegung des Wassers beim (Nach-)F\u00fcllen wird der Koh\u00e4renzprozess in Gang gesetzt. Die Struktur des Wassers ver\u00e4ndert sich durch den l\u00e4ngeren Kontakt mit dem Produkt. Das Analemma Water Inlay ist kompakt und langlebig. Dank der Verwendung hochwertiger, lebensmittelechter Materialien l\u00f6st sich nichts auf und nichts l\u00f6st sich. Dadurch kann das Water Inlay sicher im Wasser bleiben, ohne dass es jedes Mal entfernt werden muss.<\/p>\n<h4 style=\"text-align: center;\">Warum mit dem Wasserstab umr\u00fchren, aber nicht mit dem Wasser-Inlay?<\/h4>\n<p>Bei Verwendung<b> des Wasserstabs<\/b> ist Umr\u00fchren w\u00fcnschenswert, da dies daf\u00fcr sorgt, dass das Wasser in Bewegung kommt und dadurch m\u00f6glichst viel Kontakt mit dem Wasserstab hergestellt wird. Da der Wasserstab nach dem Umr\u00fchren aus dem Glas genommen wird, ist der einzige Moment des Kontakts der, in dem er sich w\u00e4hrend des Umr\u00fchrens im Wasser befindet. Das Umr\u00fchren beschleunigt den Prozess. Wenn Sie einen Wasserstab still in ein Glas Wasser stellen, entsteht ebenfalls Koh\u00e4renz, nur etwas langsamer.<\/p>\n<p><img loading=\"lazy\" decoding=\"async\" class=\"size-medium wp-image-1346 aligncenter\" src=\"https:\/\/analemma-water.nl\/wp-content\/uploads\/analemma_water-inlay-size-comp-300x300.png\" alt=\"wassereinlage\" width=\"300\" height=\"300\" srcset=\"https:\/\/analemma-water.nl\/wp-content\/uploads\/analemma_water-inlay-size-comp-300x300.png 300w, https:\/\/analemma-water.nl\/wp-content\/uploads\/analemma_water-inlay-size-comp-1024x1024.png 1024w, https:\/\/analemma-water.nl\/wp-content\/uploads\/analemma_water-inlay-size-comp-150x150.png 150w, https:\/\/analemma-water.nl\/wp-content\/uploads\/analemma_water-inlay-size-comp-768x768.png 768w, https:\/\/analemma-water.nl\/wp-content\/uploads\/analemma_water-inlay-size-comp-600x600.png 600w, https:\/\/analemma-water.nl\/wp-content\/uploads\/analemma_water-inlay-size-comp-100x100.png 100w, https:\/\/analemma-water.nl\/wp-content\/uploads\/analemma_water-inlay-size-comp.png 1080w\" sizes=\"(max-width: 300px) 100vw, 300px\" \/><\/p>\n<p>Bei Verwendung des <b>Water Inlay<\/b> verbleibt dieses im Wasserbeh\u00e4lter und bleibt somit in Kontakt mit dem Wasser. Beim Nachf\u00fcllen des Wasserbeh\u00e4lters entsteht gen\u00fcgend Verwirbelung, um den urspr\u00fcnglichen Prozess zu aktivieren. Da das Wasser in st\u00e4ndigem Kontakt mit dem Produkt steht, ist ein manuelles Umr\u00fchren nicht erforderlich.<\/p>\n<p>Wenn Sie das Water Inlay in einem Wasserfilter verwenden, reicht es aus, das gefilterte Wasser langsam tropfen zu lassen und es mit dem bereits koh\u00e4renten Wasser im Beh\u00e4lter zu vermischen, um ihm ebenfalls eine koh\u00e4rente, kristalline Struktur zu verleihen.<\/p>\n","protected":false},"excerpt":{"rendered":"<h2>Das Analemma, das bis auf den Grund reicht<\/h2>\n<p>Das Analemma Water Inlay wurde speziell f\u00fcr den langfristigen Einsatz unter Wasser entwickelt.<\/p>\n","protected":false},"featured_media":1348,"template":"","meta":{"_acf_changed":false},"product_brand":[131],"product_cat":[],"product_tag":[280],"class_list":{"0":"post-399","1":"product","2":"type-product","3":"status-publish","4":"has-post-thumbnail","6":"product_brand-analemma","7":"product_tag-klant-inlay-gekocht","9":"first","10":"instock","11":"taxable","12":"shipping-taxable","13":"purchasable","14":"product-type-simple"},"acf":[],"yoast_head":"<!-- This site is optimized with the Yoast SEO plugin v27.2 - https:\/\/yoast.com\/product\/yoast-seo-wordpress\/ -->\n<title>Water Inlay - Analemma Water<\/title>\n<meta name=\"robots\" content=\"index, follow, max-snippet:-1, max-image-preview:large, max-video-preview:-1\" \/>\n<link rel=\"canonical\" href=\"https:\/\/analemma-water.nl\/de\/produkt\/analemma-wassereinlage\/\" \/>\n<meta property=\"og:locale\" content=\"de_DE\" \/>\n<meta property=\"og:type\" content=\"article\" \/>\n<meta property=\"og:title\" content=\"Water Inlay - Analemma Water\" \/>\n<meta property=\"og:description\" content=\"Das Analemma, das bis auf den Grund reicht Das Analemma Water Inlay wurde speziell f\u00fcr den langfristigen Einsatz unter Wasser entwickelt.\" \/>\n<meta property=\"og:url\" content=\"https:\/\/analemma-water.nl\/de\/produkt\/analemma-wassereinlage\/\" \/>\n<meta property=\"og:site_name\" content=\"Analemma Water\" \/>\n<meta property=\"article:modified_time\" content=\"2026-04-08T20:59:40+00:00\" \/>\n<meta property=\"og:image\" content=\"https:\/\/analemma-water.nl\/wp-content\/uploads\/analemma_water-inlay-with-box.png\" \/>\n\t<meta property=\"og:image:width\" content=\"1080\" \/>\n\t<meta property=\"og:image:height\" content=\"1080\" \/>\n\t<meta property=\"og:image:type\" content=\"image\/png\" \/>\n<meta name=\"twitter:card\" content=\"summary_large_image\" \/>\n<script type=\"application\/ld+json\" class=\"yoast-schema-graph\">{\"@context\":\"https:\/\/schema.org\",\"@graph\":[{\"@type\":\"WebPage\",\"@id\":\"https:\/\/analemma-water.nl\/de\/produkt\/analemma-wassereinlage\/\",\"url\":\"https:\/\/analemma-water.nl\/de\/produkt\/analemma-wassereinlage\/\",\"name\":\"Water Inlay - Analemma Water\",\"isPartOf\":{\"@id\":\"https:\/\/analemma-water.nl\/de\/#website\"},\"primaryImageOfPage\":{\"@id\":\"https:\/\/analemma-water.nl\/de\/produkt\/analemma-wassereinlage\/#primaryimage\"},\"image\":{\"@id\":\"https:\/\/analemma-water.nl\/de\/produkt\/analemma-wassereinlage\/#primaryimage\"},\"thumbnailUrl\":\"https:\/\/analemma-water.nl\/wp-content\/uploads\/analemma_water-inlay-with-box.png\",\"datePublished\":\"2025-04-23T12:02:28+00:00\",\"dateModified\":\"2026-04-08T20:59:40+00:00\",\"breadcrumb\":{\"@id\":\"https:\/\/analemma-water.nl\/de\/produkt\/analemma-wassereinlage\/#breadcrumb\"},\"inLanguage\":\"de\",\"potentialAction\":[{\"@type\":\"ReadAction\",\"target\":[\"https:\/\/analemma-water.nl\/de\/produkt\/analemma-wassereinlage\/\"]}]},{\"@type\":\"ImageObject\",\"inLanguage\":\"de\",\"@id\":\"https:\/\/analemma-water.nl\/de\/produkt\/analemma-wassereinlage\/#primaryimage\",\"url\":\"https:\/\/analemma-water.nl\/wp-content\/uploads\/analemma_water-inlay-with-box.png\",\"contentUrl\":\"https:\/\/analemma-water.nl\/wp-content\/uploads\/analemma_water-inlay-with-box.png\",\"width\":1080,\"height\":1080,\"caption\":\"wassereinlage\"},{\"@type\":\"BreadcrumbList\",\"@id\":\"https:\/\/analemma-water.nl\/de\/produkt\/analemma-wassereinlage\/#breadcrumb\",\"itemListElement\":[{\"@type\":\"ListItem\",\"position\":1,\"name\":\"Home\",\"item\":\"https:\/\/analemma-water.nl\/de\/\"},{\"@type\":\"ListItem\",\"position\":2,\"name\":\"Shop\",\"item\":\"https:\/\/analemma-water.nl\/de\/shop\/\"},{\"@type\":\"ListItem\",\"position\":3,\"name\":\"Water Inlay\"}]},{\"@type\":\"WebSite\",\"@id\":\"https:\/\/analemma-water.nl\/de\/#website\",\"url\":\"https:\/\/analemma-water.nl\/de\/\",\"name\":\"Analemma Water\",\"description\":\"INCREDIBLE POWER OF WATER UNLEASHED\",\"publisher\":{\"@id\":\"https:\/\/analemma-water.nl\/de\/#organization\"},\"alternateName\":\"Analemma\",\"potentialAction\":[{\"@type\":\"SearchAction\",\"target\":{\"@type\":\"EntryPoint\",\"urlTemplate\":\"https:\/\/analemma-water.nl\/de\/?s={search_term_string}\"},\"query-input\":{\"@type\":\"PropertyValueSpecification\",\"valueRequired\":true,\"valueName\":\"search_term_string\"}}],\"inLanguage\":\"de\"},{\"@type\":\"Organization\",\"@id\":\"https:\/\/analemma-water.nl\/de\/#organization\",\"name\":\"Analemma Water\",\"alternateName\":\"Analemma\",\"url\":\"https:\/\/analemma-water.nl\/de\/\",\"logo\":{\"@type\":\"ImageObject\",\"inLanguage\":\"de\",\"@id\":\"https:\/\/analemma-water.nl\/de\/#\/schema\/logo\/image\/\",\"url\":\"https:\/\/analemma-water.nl\/wp-content\/uploads\/cropped-favicon-1.png\",\"contentUrl\":\"https:\/\/analemma-water.nl\/wp-content\/uploads\/cropped-favicon-1.png\",\"width\":512,\"height\":512,\"caption\":\"Analemma Water\"},\"image\":{\"@id\":\"https:\/\/analemma-water.nl\/de\/#\/schema\/logo\/image\/\"}}]}<\/script>\n<!-- \/ Yoast SEO plugin. -->","yoast_head_json":{"title":"Water Inlay - Analemma Water","robots":{"index":"index","follow":"follow","max-snippet":"max-snippet:-1","max-image-preview":"max-image-preview:large","max-video-preview":"max-video-preview:-1"},"canonical":"https:\/\/analemma-water.nl\/de\/produkt\/analemma-wassereinlage\/","og_locale":"de_DE","og_type":"article","og_title":"Water Inlay - Analemma Water","og_description":"Das Analemma, das bis auf den Grund reicht Das Analemma Water Inlay wurde speziell f\u00fcr den langfristigen Einsatz unter Wasser entwickelt.","og_url":"https:\/\/analemma-water.nl\/de\/produkt\/analemma-wassereinlage\/","og_site_name":"Analemma Water","article_modified_time":"2026-04-08T20:59:40+00:00","og_image":[{"width":1080,"height":1080,"url":"https:\/\/analemma-water.nl\/wp-content\/uploads\/analemma_water-inlay-with-box.png","type":"image\/png"}],"twitter_card":"summary_large_image","schema":{"@context":"https:\/\/schema.org","@graph":[{"@type":"WebPage","@id":"https:\/\/analemma-water.nl\/de\/produkt\/analemma-wassereinlage\/","url":"https:\/\/analemma-water.nl\/de\/produkt\/analemma-wassereinlage\/","name":"Water Inlay - Analemma Water","isPartOf":{"@id":"https:\/\/analemma-water.nl\/de\/#website"},"primaryImageOfPage":{"@id":"https:\/\/analemma-water.nl\/de\/produkt\/analemma-wassereinlage\/#primaryimage"},"image":{"@id":"https:\/\/analemma-water.nl\/de\/produkt\/analemma-wassereinlage\/#primaryimage"},"thumbnailUrl":"https:\/\/analemma-water.nl\/wp-content\/uploads\/analemma_water-inlay-with-box.png","datePublished":"2025-04-23T12:02:28+00:00","dateModified":"2026-04-08T20:59:40+00:00","breadcrumb":{"@id":"https:\/\/analemma-water.nl\/de\/produkt\/analemma-wassereinlage\/#breadcrumb"},"inLanguage":"de","potentialAction":[{"@type":"ReadAction","target":["https:\/\/analemma-water.nl\/de\/produkt\/analemma-wassereinlage\/"]}]},{"@type":"ImageObject","inLanguage":"de","@id":"https:\/\/analemma-water.nl\/de\/produkt\/analemma-wassereinlage\/#primaryimage","url":"https:\/\/analemma-water.nl\/wp-content\/uploads\/analemma_water-inlay-with-box.png","contentUrl":"https:\/\/analemma-water.nl\/wp-content\/uploads\/analemma_water-inlay-with-box.png","width":1080,"height":1080,"caption":"wassereinlage"},{"@type":"BreadcrumbList","@id":"https:\/\/analemma-water.nl\/de\/produkt\/analemma-wassereinlage\/#breadcrumb","itemListElement":[{"@type":"ListItem","position":1,"name":"Home","item":"https:\/\/analemma-water.nl\/de\/"},{"@type":"ListItem","position":2,"name":"Shop","item":"https:\/\/analemma-water.nl\/de\/shop\/"},{"@type":"ListItem","position":3,"name":"Water Inlay"}]},{"@type":"WebSite","@id":"https:\/\/analemma-water.nl\/de\/#website","url":"https:\/\/analemma-water.nl\/de\/","name":"Analemma Water","description":"INCREDIBLE POWER OF WATER UNLEASHED","publisher":{"@id":"https:\/\/analemma-water.nl\/de\/#organization"},"alternateName":"Analemma","potentialAction":[{"@type":"SearchAction","target":{"@type":"EntryPoint","urlTemplate":"https:\/\/analemma-water.nl\/de\/?s={search_term_string}"},"query-input":{"@type":"PropertyValueSpecification","valueRequired":true,"valueName":"search_term_string"}}],"inLanguage":"de"},{"@type":"Organization","@id":"https:\/\/analemma-water.nl\/de\/#organization","name":"Analemma Water","alternateName":"Analemma","url":"https:\/\/analemma-water.nl\/de\/","logo":{"@type":"ImageObject","inLanguage":"de","@id":"https:\/\/analemma-water.nl\/de\/#\/schema\/logo\/image\/","url":"https:\/\/analemma-water.nl\/wp-content\/uploads\/cropped-favicon-1.png","contentUrl":"https:\/\/analemma-water.nl\/wp-content\/uploads\/cropped-favicon-1.png","width":512,"height":512,"caption":"Analemma Water"},"image":{"@id":"https:\/\/analemma-water.nl\/de\/#\/schema\/logo\/image\/"}}]}},"_links":{"self":[{"href":"https:\/\/analemma-water.nl\/de\/wp-json\/wp\/v2\/product\/399","targetHints":{"allow":["GET"]}}],"collection":[{"href":"https:\/\/analemma-water.nl\/de\/wp-json\/wp\/v2\/product"}],"about":[{"href":"https:\/\/analemma-water.nl\/de\/wp-json\/wp\/v2\/types\/product"}],"wp:featuredmedia":[{"embeddable":true,"href":"https:\/\/analemma-water.nl\/de\/wp-json\/wp\/v2\/media\/1348"}],"wp:attachment":[{"href":"https:\/\/analemma-water.nl\/de\/wp-json\/wp\/v2\/media?parent=399"}],"wp:term":[{"taxonomy":"product_brand","embeddable":true,"href":"https:\/\/analemma-water.nl\/de\/wp-json\/wp\/v2\/product_brand?post=399"},{"taxonomy":"product_cat","embeddable":true,"href":"https:\/\/analemma-water.nl\/de\/wp-json\/wp\/v2\/product_cat?post=399"},{"taxonomy":"product_tag","embeddable":true,"href":"https:\/\/analemma-water.nl\/de\/wp-json\/wp\/v2\/product_tag?post=399"}],"curies":[{"name":"wp","href":"https:\/\/api.w.org\/{rel}","templated":true}]}}