{"id":405,"date":"2025-04-23T14:06:38","date_gmt":"2025-04-23T12:06:38","guid":{"rendered":"https:\/\/analemma-water.nl\/?post_type=product&#038;p=405"},"modified":"2026-04-10T10:06:16","modified_gmt":"2026-04-10T08:06:16","slug":"analemma-wassersystem-fuer-das-ganze-haus","status":"publish","type":"product","link":"https:\/\/analemma-water.nl\/de\/produkt\/analemma-wassersystem-fuer-das-ganze-haus\/","title":{"rendered":"House Unit"},"content":{"rendered":"<div class=\"ewa-rteLine\"><\/div>\n<div class=\"ewa-rteLine\">Das Analemma-Wassersystem f\u00fcr das ganze Haus wird an Ihre Wasserversorgung angeschlossen und verwandelt Leitungswasser sofort in stabiles, koh\u00e4rentes Wasser.<\/div>\n<div class=\"ewa-rteLine\"><\/div>\n<div><\/div>\n<div>\n<h2><\/h2>\n<h2>Superschnelles, stabiles, koh\u00e4rentes Wasser f\u00fcr das ganze Haus<\/h2>\n<h3><b>Aus jedem Wasserhahn; Sie selbst, Ihre Familie und Ihre Umgebung profitieren davon<\/b><\/h3>\n<p>Analemma-Wasser direkt aus jedem Wasserhahn!<\/p>\n<div class=\"ewa-rteLine\">Das Analemma-Wassersystem f\u00fcr das ganze Haus wird an Ihre Wasserversorgung angeschlossen und verwandelt Leitungswasser sofort in stabiles, koh\u00e4rentes Wasser.<\/div>\n<div class=\"ewa-rteLine\">Dank der einzigartigen spiralf\u00f6rmigen Innenkammern genie\u00dfen Sie frisches, belebendes Wasser zum Trinken, Kochen, Baden und mehr \u2013 jederzeit und in Ihrem ganzen Zuhause.<\/div>\n<p>Diese Einheit enth\u00e4lt eine gro\u00dfe Menge desselben \u201eMutterwassers\u201d wie die Analemma-R\u00fchrst\u00e4be. Die spiralf\u00f6rmigen Innenkammern sorgen daf\u00fcr, dass das Wasser mehrmals durch die Einheit zirkuliert, was zu stabilem, koh\u00e4rentem Wasser mit einem vollst\u00e4ndigen Spektrum f\u00fchrt. Mit Analemma f\u00fcr das ganze Haus k\u00f6nnen Sie koh\u00e4rentes Wasser <b>aus jedem Wasserhahn<\/b> in Ihrem Haus genie\u00dfen.<\/p>\n<\/div>\n<div>\n<p>&nbsp;<\/p>\n<\/div>\n","protected":false},"excerpt":{"rendered":"<p>Das Analemma-Wassersystem f\u00fcr das ganze Haus wird an Ihre Wasserversorgung angeschlossen und verwandelt Leitungswasser sofort in stabiles, koh\u00e4rentes Wasser.<\/p>\n","protected":false},"featured_media":1285,"template":"","meta":{"_acf_changed":false},"product_brand":[131],"product_cat":[],"product_tag":[278],"class_list":{"0":"post-405","1":"product","2":"type-product","3":"status-publish","4":"has-post-thumbnail","6":"product_brand-analemma","7":"product_tag-klant-huis-unit-gekocht","8":"product_shipping_class-gratis-verzending","10":"first","11":"instock","12":"taxable","13":"shipping-taxable","14":"purchasable","15":"product-type-simple"},"acf":[],"yoast_head":"<!-- This site is optimized with the Yoast SEO plugin v27.2 - https:\/\/yoast.com\/product\/yoast-seo-wordpress\/ -->\n<title>House Unit - Analemma Water<\/title>\n<meta name=\"robots\" content=\"index, follow, max-snippet:-1, max-image-preview:large, max-video-preview:-1\" \/>\n<link rel=\"canonical\" href=\"https:\/\/analemma-water.nl\/de\/produkt\/analemma-wassersystem-fuer-das-ganze-haus\/\" \/>\n<meta property=\"og:locale\" content=\"de_DE\" \/>\n<meta property=\"og:type\" content=\"article\" \/>\n<meta property=\"og:title\" content=\"House Unit - Analemma Water\" \/>\n<meta property=\"og:description\" content=\"Das Analemma-Wassersystem f\u00fcr das ganze Haus wird an Ihre Wasserversorgung angeschlossen und verwandelt Leitungswasser sofort in stabiles, koh\u00e4rentes Wasser.\" \/>\n<meta property=\"og:url\" content=\"https:\/\/analemma-water.nl\/de\/produkt\/analemma-wassersystem-fuer-das-ganze-haus\/\" \/>\n<meta property=\"og:site_name\" content=\"Analemma Water\" \/>\n<meta property=\"article:modified_time\" content=\"2026-04-10T08:06:16+00:00\" \/>\n<meta property=\"og:image\" content=\"https:\/\/analemma-water.nl\/wp-content\/uploads\/19.png\" \/>\n\t<meta property=\"og:image:width\" content=\"1080\" \/>\n\t<meta property=\"og:image:height\" content=\"1080\" \/>\n\t<meta property=\"og:image:type\" content=\"image\/png\" \/>\n<meta name=\"twitter:card\" content=\"summary_large_image\" \/>\n<script type=\"application\/ld+json\" class=\"yoast-schema-graph\">{\"@context\":\"https:\/\/schema.org\",\"@graph\":[{\"@type\":\"WebPage\",\"@id\":\"https:\/\/analemma-water.nl\/de\/produkt\/analemma-wassersystem-fuer-das-ganze-haus\/\",\"url\":\"https:\/\/analemma-water.nl\/de\/produkt\/analemma-wassersystem-fuer-das-ganze-haus\/\",\"name\":\"House Unit - Analemma Water\",\"isPartOf\":{\"@id\":\"https:\/\/analemma-water.nl\/de\/#website\"},\"primaryImageOfPage\":{\"@id\":\"https:\/\/analemma-water.nl\/de\/produkt\/analemma-wassersystem-fuer-das-ganze-haus\/#primaryimage\"},\"image\":{\"@id\":\"https:\/\/analemma-water.nl\/de\/produkt\/analemma-wassersystem-fuer-das-ganze-haus\/#primaryimage\"},\"thumbnailUrl\":\"https:\/\/analemma-water.nl\/wp-content\/uploads\/19.png\",\"datePublished\":\"2025-04-23T12:06:38+00:00\",\"dateModified\":\"2026-04-10T08:06:16+00:00\",\"breadcrumb\":{\"@id\":\"https:\/\/analemma-water.nl\/de\/produkt\/analemma-wassersystem-fuer-das-ganze-haus\/#breadcrumb\"},\"inLanguage\":\"de\",\"potentialAction\":[{\"@type\":\"ReadAction\",\"target\":[\"https:\/\/analemma-water.nl\/de\/produkt\/analemma-wassersystem-fuer-das-ganze-haus\/\"]}]},{\"@type\":\"ImageObject\",\"inLanguage\":\"de\",\"@id\":\"https:\/\/analemma-water.nl\/de\/produkt\/analemma-wassersystem-fuer-das-ganze-haus\/#primaryimage\",\"url\":\"https:\/\/analemma-water.nl\/wp-content\/uploads\/19.png\",\"contentUrl\":\"https:\/\/analemma-water.nl\/wp-content\/uploads\/19.png\",\"width\":1080,\"height\":1080,\"caption\":\"wassersystem f\u00fcr das ganze haus\"},{\"@type\":\"BreadcrumbList\",\"@id\":\"https:\/\/analemma-water.nl\/de\/produkt\/analemma-wassersystem-fuer-das-ganze-haus\/#breadcrumb\",\"itemListElement\":[{\"@type\":\"ListItem\",\"position\":1,\"name\":\"Home\",\"item\":\"https:\/\/analemma-water.nl\/de\/\"},{\"@type\":\"ListItem\",\"position\":2,\"name\":\"Shop\",\"item\":\"https:\/\/analemma-water.nl\/de\/shop\/\"},{\"@type\":\"ListItem\",\"position\":3,\"name\":\"House Unit\"}]},{\"@type\":\"WebSite\",\"@id\":\"https:\/\/analemma-water.nl\/de\/#website\",\"url\":\"https:\/\/analemma-water.nl\/de\/\",\"name\":\"Analemma Water\",\"description\":\"INCREDIBLE POWER OF WATER UNLEASHED\",\"publisher\":{\"@id\":\"https:\/\/analemma-water.nl\/de\/#organization\"},\"alternateName\":\"Analemma\",\"potentialAction\":[{\"@type\":\"SearchAction\",\"target\":{\"@type\":\"EntryPoint\",\"urlTemplate\":\"https:\/\/analemma-water.nl\/de\/?s={search_term_string}\"},\"query-input\":{\"@type\":\"PropertyValueSpecification\",\"valueRequired\":true,\"valueName\":\"search_term_string\"}}],\"inLanguage\":\"de\"},{\"@type\":\"Organization\",\"@id\":\"https:\/\/analemma-water.nl\/de\/#organization\",\"name\":\"Analemma Water\",\"alternateName\":\"Analemma\",\"url\":\"https:\/\/analemma-water.nl\/de\/\",\"logo\":{\"@type\":\"ImageObject\",\"inLanguage\":\"de\",\"@id\":\"https:\/\/analemma-water.nl\/de\/#\/schema\/logo\/image\/\",\"url\":\"https:\/\/analemma-water.nl\/wp-content\/uploads\/cropped-favicon-1.png\",\"contentUrl\":\"https:\/\/analemma-water.nl\/wp-content\/uploads\/cropped-favicon-1.png\",\"width\":512,\"height\":512,\"caption\":\"Analemma Water\"},\"image\":{\"@id\":\"https:\/\/analemma-water.nl\/de\/#\/schema\/logo\/image\/\"}}]}<\/script>\n<!-- \/ Yoast SEO plugin. -->","yoast_head_json":{"title":"House Unit - Analemma Water","robots":{"index":"index","follow":"follow","max-snippet":"max-snippet:-1","max-image-preview":"max-image-preview:large","max-video-preview":"max-video-preview:-1"},"canonical":"https:\/\/analemma-water.nl\/de\/produkt\/analemma-wassersystem-fuer-das-ganze-haus\/","og_locale":"de_DE","og_type":"article","og_title":"House Unit - Analemma Water","og_description":"Das Analemma-Wassersystem f\u00fcr das ganze Haus wird an Ihre Wasserversorgung angeschlossen und verwandelt Leitungswasser sofort in stabiles, koh\u00e4rentes Wasser.","og_url":"https:\/\/analemma-water.nl\/de\/produkt\/analemma-wassersystem-fuer-das-ganze-haus\/","og_site_name":"Analemma Water","article_modified_time":"2026-04-10T08:06:16+00:00","og_image":[{"width":1080,"height":1080,"url":"https:\/\/analemma-water.nl\/wp-content\/uploads\/19.png","type":"image\/png"}],"twitter_card":"summary_large_image","schema":{"@context":"https:\/\/schema.org","@graph":[{"@type":"WebPage","@id":"https:\/\/analemma-water.nl\/de\/produkt\/analemma-wassersystem-fuer-das-ganze-haus\/","url":"https:\/\/analemma-water.nl\/de\/produkt\/analemma-wassersystem-fuer-das-ganze-haus\/","name":"House Unit - Analemma Water","isPartOf":{"@id":"https:\/\/analemma-water.nl\/de\/#website"},"primaryImageOfPage":{"@id":"https:\/\/analemma-water.nl\/de\/produkt\/analemma-wassersystem-fuer-das-ganze-haus\/#primaryimage"},"image":{"@id":"https:\/\/analemma-water.nl\/de\/produkt\/analemma-wassersystem-fuer-das-ganze-haus\/#primaryimage"},"thumbnailUrl":"https:\/\/analemma-water.nl\/wp-content\/uploads\/19.png","datePublished":"2025-04-23T12:06:38+00:00","dateModified":"2026-04-10T08:06:16+00:00","breadcrumb":{"@id":"https:\/\/analemma-water.nl\/de\/produkt\/analemma-wassersystem-fuer-das-ganze-haus\/#breadcrumb"},"inLanguage":"de","potentialAction":[{"@type":"ReadAction","target":["https:\/\/analemma-water.nl\/de\/produkt\/analemma-wassersystem-fuer-das-ganze-haus\/"]}]},{"@type":"ImageObject","inLanguage":"de","@id":"https:\/\/analemma-water.nl\/de\/produkt\/analemma-wassersystem-fuer-das-ganze-haus\/#primaryimage","url":"https:\/\/analemma-water.nl\/wp-content\/uploads\/19.png","contentUrl":"https:\/\/analemma-water.nl\/wp-content\/uploads\/19.png","width":1080,"height":1080,"caption":"wassersystem f\u00fcr das ganze haus"},{"@type":"BreadcrumbList","@id":"https:\/\/analemma-water.nl\/de\/produkt\/analemma-wassersystem-fuer-das-ganze-haus\/#breadcrumb","itemListElement":[{"@type":"ListItem","position":1,"name":"Home","item":"https:\/\/analemma-water.nl\/de\/"},{"@type":"ListItem","position":2,"name":"Shop","item":"https:\/\/analemma-water.nl\/de\/shop\/"},{"@type":"ListItem","position":3,"name":"House Unit"}]},{"@type":"WebSite","@id":"https:\/\/analemma-water.nl\/de\/#website","url":"https:\/\/analemma-water.nl\/de\/","name":"Analemma Water","description":"INCREDIBLE POWER OF WATER UNLEASHED","publisher":{"@id":"https:\/\/analemma-water.nl\/de\/#organization"},"alternateName":"Analemma","potentialAction":[{"@type":"SearchAction","target":{"@type":"EntryPoint","urlTemplate":"https:\/\/analemma-water.nl\/de\/?s={search_term_string}"},"query-input":{"@type":"PropertyValueSpecification","valueRequired":true,"valueName":"search_term_string"}}],"inLanguage":"de"},{"@type":"Organization","@id":"https:\/\/analemma-water.nl\/de\/#organization","name":"Analemma Water","alternateName":"Analemma","url":"https:\/\/analemma-water.nl\/de\/","logo":{"@type":"ImageObject","inLanguage":"de","@id":"https:\/\/analemma-water.nl\/de\/#\/schema\/logo\/image\/","url":"https:\/\/analemma-water.nl\/wp-content\/uploads\/cropped-favicon-1.png","contentUrl":"https:\/\/analemma-water.nl\/wp-content\/uploads\/cropped-favicon-1.png","width":512,"height":512,"caption":"Analemma Water"},"image":{"@id":"https:\/\/analemma-water.nl\/de\/#\/schema\/logo\/image\/"}}]}},"_links":{"self":[{"href":"https:\/\/analemma-water.nl\/de\/wp-json\/wp\/v2\/product\/405","targetHints":{"allow":["GET"]}}],"collection":[{"href":"https:\/\/analemma-water.nl\/de\/wp-json\/wp\/v2\/product"}],"about":[{"href":"https:\/\/analemma-water.nl\/de\/wp-json\/wp\/v2\/types\/product"}],"wp:featuredmedia":[{"embeddable":true,"href":"https:\/\/analemma-water.nl\/de\/wp-json\/wp\/v2\/media\/1285"}],"wp:attachment":[{"href":"https:\/\/analemma-water.nl\/de\/wp-json\/wp\/v2\/media?parent=405"}],"wp:term":[{"taxonomy":"product_brand","embeddable":true,"href":"https:\/\/analemma-water.nl\/de\/wp-json\/wp\/v2\/product_brand?post=405"},{"taxonomy":"product_cat","embeddable":true,"href":"https:\/\/analemma-water.nl\/de\/wp-json\/wp\/v2\/product_cat?post=405"},{"taxonomy":"product_tag","embeddable":true,"href":"https:\/\/analemma-water.nl\/de\/wp-json\/wp\/v2\/product_tag?post=405"}],"curies":[{"name":"wp","href":"https:\/\/api.w.org\/{rel}","templated":true}]}}