{"id":408,"date":"2025-04-23T14:09:33","date_gmt":"2025-04-23T12:09:33","guid":{"rendered":"https:\/\/analemma-water.nl\/?post_type=product&#038;p=408"},"modified":"2026-03-06T12:29:53","modified_gmt":"2026-03-06T11:29:53","slug":"analemma-agrargeraet","status":"publish","type":"product","link":"https:\/\/analemma-water.nl\/de\/produkt\/analemma-agrargeraet\/","title":{"rendered":"Agri Unit"},"content":{"rendered":"<p>Das Beste f\u00fcr Ihren Boden, Ihre Pflanzen, Ihre Tiere und damit f\u00fcr Ihren Betrieb. Die Wasserqualit\u00e4t ist von enormer Bedeutung f\u00fcr die Gesundheit Ihres Betriebs<\/p>\n<p>In unserer Forschung an Pflanzen und Tieren konnten wir bereits zeigen, dass koh\u00e4rentes Wasser enorme Vorteile bietet: f\u00fcr Pflanzen, Bodengesundheit und Tiere.<\/p>\n<p>&nbsp;<\/p>\n<p>&nbsp;<\/p>\n<h3><b>Wissenschaftlich erwiesen:<\/b><\/h3>\n<h5><b>&#8211; Gesundheitsf\u00f6rdernd f\u00fcr Pflanzen und Boden<\/b><\/h5>\n<h5><b>&#8211; Erh\u00f6ht die bakterielle Vielfalt im Boden und das Mikrobiom bei Tieren<\/b><\/h5>\n<h5><b>&#8211; Regenerativ f\u00fcr den Boden: Mehr CO2- und Stickstoffaufnahme des Bodens<\/b><\/h5>\n<h5><b>&#8211; Erh\u00f6ht die Biodiversit\u00e4t im Boden<\/b><\/h5>\n<h5><b>&#8211; Weniger (nat\u00fcrliche) Pestizide erforderlich<\/b><\/h5>\n<h5><b>&#8211; Bessere Widerstandsf\u00e4higkeit gegen Trockenheit: Boden und Pflanzen arbeiten besser zusammen<\/b><\/h5>\n<h3><b>Weitere Vorteile:<\/b><\/h3>\n<h5><b>&#8211; Geringere Tierarztkosten und weniger Antibiotikaeinsatz<\/b><\/h5>\n<h5><b>&#8211; Verbesserte Darmgesundheit bei Tieren<\/b><\/h5>\n<h5><b>&#8211; Erh\u00f6hte Fruchtbarkeit<\/b><\/h5>\n<h5><b>&#8211; Erh\u00f6hte Biodiversit\u00e4t im Boden, auf dem Land und in der Umgebung<\/b><\/h5>\n<p>&nbsp;<\/p>\n<h2>Auch unabh\u00e4ngige Untersuchungen zeigen:<\/h2>\n<h2><b>\u201eStrukturiertes Wasser erh\u00f6ht signifikant die Pflanzenh\u00f6he, das vegetative Gewicht und die Wurzelmasse, die gesamte Bl\u00fctenbiomasse und die gesamte mikrobielle Menge.\u201c<\/b><\/h2>\n<p>M\u00f6chten Sie Ihre Pflanzen in voller Bl\u00fcte stehen lassen und gleichzeitig Ihre Auswirkungen minimieren? Neben unseren eigenen Untersuchungen zeigt auch <a href=\"https:\/\/pdfs.semanticscholar.org\/9749\/49fafa6a47b41ec5e8c10554986e9ed89ce7.pdf\">diese Studie<\/a>, dass strukturiertes Wasser der Schl\u00fcssel sein kann!<\/p>\n<p>Eine Studie bei CREA-OF in Italien zeigte erstaunliche Ergebnisse bei Lavendel und Rosmarin, die mit strukturiertem Wasser behandelt wurden. Die Pflanzen zeigten:<\/p>\n<ul>\n<li><b>Signifikantes Wachstum:<\/b> Gr\u00f6\u00dfere H\u00f6he, mehr Blatt- und Wurzelgewicht<\/li>\n<li><b>H\u00f6here Ertr\u00e4ge:<\/b> Vermehrung von Bl\u00fcten und Gesamtbiomasse<\/li>\n<li><b>Verbesserte Gesundheit:<\/b> Verringerte Austrocknung bei Lavendel<\/li>\n<li><b>Ges\u00fcnderes \u00d6kosystem:<\/b> Zunahme n\u00fctzlicher Mikroorganismen im Boden<\/li>\n<\/ul>\n<p>Diese Ergebnisse best\u00e4tigen, was Landwirte schon seit langem beobachten: Strukturiertes Wasser f\u00f6rdert ges\u00fcndere, vitalere Pflanzen. Mit dieser innovativen Technik k\u00f6nnen Sie:<\/p>\n<ul>\n<li><b>Wasserverbrauch reduzieren:<\/b> Geben Sie Ihren Pflanzen, was sie wirklich brauchen<\/li>\n<li><b>Weniger D\u00fcngemittel verwenden:<\/b> Lassen Sie die Bodenflora ihre Arbeit tun<\/li>\n<li><b>Blumen von h\u00f6herer Qualit\u00e4t ernten:<\/b> Steigern Sie Ihre Produktion und Ihren Gewinn!<\/li>\n<\/ul>\n","protected":false},"excerpt":{"rendered":"<p>Ein Analemma-Ger\u00e4t f\u00fcr den industriellen und landwirtschaftlichen Einsatz.<\/p>\n","protected":false},"featured_media":1135,"template":"","meta":{"_acf_changed":false},"product_brand":[131],"product_cat":[],"product_tag":[279],"class_list":{"0":"post-408","1":"product","2":"type-product","3":"status-publish","4":"has-post-thumbnail","6":"product_brand-analemma","7":"product_tag-klant-agri-gekocht","8":"product_shipping_class-gratis-verzending","10":"first","11":"instock","12":"taxable","13":"shipping-taxable","14":"purchasable","15":"product-type-simple"},"acf":[],"yoast_head":"<!-- This site is optimized with the Yoast SEO plugin v27.2 - https:\/\/yoast.com\/product\/yoast-seo-wordpress\/ -->\n<title>Agri Unit - Analemma Water<\/title>\n<meta name=\"robots\" content=\"index, follow, max-snippet:-1, max-image-preview:large, max-video-preview:-1\" \/>\n<link rel=\"canonical\" href=\"https:\/\/analemma-water.nl\/de\/produkt\/analemma-agrargeraet\/\" \/>\n<meta property=\"og:locale\" content=\"de_DE\" \/>\n<meta property=\"og:type\" content=\"article\" \/>\n<meta property=\"og:title\" content=\"Agri Unit - Analemma Water\" \/>\n<meta property=\"og:description\" content=\"Ein Analemma-Ger\u00e4t f\u00fcr den industriellen und landwirtschaftlichen Einsatz.\" \/>\n<meta property=\"og:url\" content=\"https:\/\/analemma-water.nl\/de\/produkt\/analemma-agrargeraet\/\" \/>\n<meta property=\"og:site_name\" content=\"Analemma Water\" \/>\n<meta property=\"article:modified_time\" content=\"2026-03-06T11:29:53+00:00\" \/>\n<meta property=\"og:image\" content=\"https:\/\/analemma-water.nl\/wp-content\/uploads\/analemma_agri_1.png\" \/>\n\t<meta property=\"og:image:width\" content=\"1080\" \/>\n\t<meta property=\"og:image:height\" content=\"1080\" \/>\n\t<meta property=\"og:image:type\" content=\"image\/png\" \/>\n<meta name=\"twitter:card\" content=\"summary_large_image\" \/>\n<script type=\"application\/ld+json\" class=\"yoast-schema-graph\">{\"@context\":\"https:\/\/schema.org\",\"@graph\":[{\"@type\":\"WebPage\",\"@id\":\"https:\/\/analemma-water.nl\/de\/produkt\/analemma-agrargeraet\/\",\"url\":\"https:\/\/analemma-water.nl\/de\/produkt\/analemma-agrargeraet\/\",\"name\":\"Agri Unit - Analemma Water\",\"isPartOf\":{\"@id\":\"https:\/\/analemma-water.nl\/de\/#website\"},\"primaryImageOfPage\":{\"@id\":\"https:\/\/analemma-water.nl\/de\/produkt\/analemma-agrargeraet\/#primaryimage\"},\"image\":{\"@id\":\"https:\/\/analemma-water.nl\/de\/produkt\/analemma-agrargeraet\/#primaryimage\"},\"thumbnailUrl\":\"https:\/\/analemma-water.nl\/wp-content\/uploads\/analemma_agri_1.png\",\"datePublished\":\"2025-04-23T12:09:33+00:00\",\"dateModified\":\"2026-03-06T11:29:53+00:00\",\"breadcrumb\":{\"@id\":\"https:\/\/analemma-water.nl\/de\/produkt\/analemma-agrargeraet\/#breadcrumb\"},\"inLanguage\":\"de\",\"potentialAction\":[{\"@type\":\"ReadAction\",\"target\":[\"https:\/\/analemma-water.nl\/de\/produkt\/analemma-agrargeraet\/\"]}]},{\"@type\":\"ImageObject\",\"inLanguage\":\"de\",\"@id\":\"https:\/\/analemma-water.nl\/de\/produkt\/analemma-agrargeraet\/#primaryimage\",\"url\":\"https:\/\/analemma-water.nl\/wp-content\/uploads\/analemma_agri_1.png\",\"contentUrl\":\"https:\/\/analemma-water.nl\/wp-content\/uploads\/analemma_agri_1.png\",\"width\":1080,\"height\":1080,\"caption\":\"agrarger\u00e4t\"},{\"@type\":\"BreadcrumbList\",\"@id\":\"https:\/\/analemma-water.nl\/de\/produkt\/analemma-agrargeraet\/#breadcrumb\",\"itemListElement\":[{\"@type\":\"ListItem\",\"position\":1,\"name\":\"Home\",\"item\":\"https:\/\/analemma-water.nl\/de\/\"},{\"@type\":\"ListItem\",\"position\":2,\"name\":\"Shop\",\"item\":\"https:\/\/analemma-water.nl\/de\/shop\/\"},{\"@type\":\"ListItem\",\"position\":3,\"name\":\"Agri Unit\"}]},{\"@type\":\"WebSite\",\"@id\":\"https:\/\/analemma-water.nl\/de\/#website\",\"url\":\"https:\/\/analemma-water.nl\/de\/\",\"name\":\"Analemma Water\",\"description\":\"INCREDIBLE POWER OF WATER UNLEASHED\",\"publisher\":{\"@id\":\"https:\/\/analemma-water.nl\/de\/#organization\"},\"alternateName\":\"Analemma\",\"potentialAction\":[{\"@type\":\"SearchAction\",\"target\":{\"@type\":\"EntryPoint\",\"urlTemplate\":\"https:\/\/analemma-water.nl\/de\/?s={search_term_string}\"},\"query-input\":{\"@type\":\"PropertyValueSpecification\",\"valueRequired\":true,\"valueName\":\"search_term_string\"}}],\"inLanguage\":\"de\"},{\"@type\":\"Organization\",\"@id\":\"https:\/\/analemma-water.nl\/de\/#organization\",\"name\":\"Analemma Water\",\"alternateName\":\"Analemma\",\"url\":\"https:\/\/analemma-water.nl\/de\/\",\"logo\":{\"@type\":\"ImageObject\",\"inLanguage\":\"de\",\"@id\":\"https:\/\/analemma-water.nl\/de\/#\/schema\/logo\/image\/\",\"url\":\"https:\/\/analemma-water.nl\/wp-content\/uploads\/cropped-favicon-1.png\",\"contentUrl\":\"https:\/\/analemma-water.nl\/wp-content\/uploads\/cropped-favicon-1.png\",\"width\":512,\"height\":512,\"caption\":\"Analemma Water\"},\"image\":{\"@id\":\"https:\/\/analemma-water.nl\/de\/#\/schema\/logo\/image\/\"}}]}<\/script>\n<!-- \/ Yoast SEO plugin. -->","yoast_head_json":{"title":"Agri Unit - Analemma Water","robots":{"index":"index","follow":"follow","max-snippet":"max-snippet:-1","max-image-preview":"max-image-preview:large","max-video-preview":"max-video-preview:-1"},"canonical":"https:\/\/analemma-water.nl\/de\/produkt\/analemma-agrargeraet\/","og_locale":"de_DE","og_type":"article","og_title":"Agri Unit - Analemma Water","og_description":"Ein Analemma-Ger\u00e4t f\u00fcr den industriellen und landwirtschaftlichen Einsatz.","og_url":"https:\/\/analemma-water.nl\/de\/produkt\/analemma-agrargeraet\/","og_site_name":"Analemma Water","article_modified_time":"2026-03-06T11:29:53+00:00","og_image":[{"width":1080,"height":1080,"url":"https:\/\/analemma-water.nl\/wp-content\/uploads\/analemma_agri_1.png","type":"image\/png"}],"twitter_card":"summary_large_image","schema":{"@context":"https:\/\/schema.org","@graph":[{"@type":"WebPage","@id":"https:\/\/analemma-water.nl\/de\/produkt\/analemma-agrargeraet\/","url":"https:\/\/analemma-water.nl\/de\/produkt\/analemma-agrargeraet\/","name":"Agri Unit - Analemma Water","isPartOf":{"@id":"https:\/\/analemma-water.nl\/de\/#website"},"primaryImageOfPage":{"@id":"https:\/\/analemma-water.nl\/de\/produkt\/analemma-agrargeraet\/#primaryimage"},"image":{"@id":"https:\/\/analemma-water.nl\/de\/produkt\/analemma-agrargeraet\/#primaryimage"},"thumbnailUrl":"https:\/\/analemma-water.nl\/wp-content\/uploads\/analemma_agri_1.png","datePublished":"2025-04-23T12:09:33+00:00","dateModified":"2026-03-06T11:29:53+00:00","breadcrumb":{"@id":"https:\/\/analemma-water.nl\/de\/produkt\/analemma-agrargeraet\/#breadcrumb"},"inLanguage":"de","potentialAction":[{"@type":"ReadAction","target":["https:\/\/analemma-water.nl\/de\/produkt\/analemma-agrargeraet\/"]}]},{"@type":"ImageObject","inLanguage":"de","@id":"https:\/\/analemma-water.nl\/de\/produkt\/analemma-agrargeraet\/#primaryimage","url":"https:\/\/analemma-water.nl\/wp-content\/uploads\/analemma_agri_1.png","contentUrl":"https:\/\/analemma-water.nl\/wp-content\/uploads\/analemma_agri_1.png","width":1080,"height":1080,"caption":"agrarger\u00e4t"},{"@type":"BreadcrumbList","@id":"https:\/\/analemma-water.nl\/de\/produkt\/analemma-agrargeraet\/#breadcrumb","itemListElement":[{"@type":"ListItem","position":1,"name":"Home","item":"https:\/\/analemma-water.nl\/de\/"},{"@type":"ListItem","position":2,"name":"Shop","item":"https:\/\/analemma-water.nl\/de\/shop\/"},{"@type":"ListItem","position":3,"name":"Agri Unit"}]},{"@type":"WebSite","@id":"https:\/\/analemma-water.nl\/de\/#website","url":"https:\/\/analemma-water.nl\/de\/","name":"Analemma Water","description":"INCREDIBLE POWER OF WATER UNLEASHED","publisher":{"@id":"https:\/\/analemma-water.nl\/de\/#organization"},"alternateName":"Analemma","potentialAction":[{"@type":"SearchAction","target":{"@type":"EntryPoint","urlTemplate":"https:\/\/analemma-water.nl\/de\/?s={search_term_string}"},"query-input":{"@type":"PropertyValueSpecification","valueRequired":true,"valueName":"search_term_string"}}],"inLanguage":"de"},{"@type":"Organization","@id":"https:\/\/analemma-water.nl\/de\/#organization","name":"Analemma Water","alternateName":"Analemma","url":"https:\/\/analemma-water.nl\/de\/","logo":{"@type":"ImageObject","inLanguage":"de","@id":"https:\/\/analemma-water.nl\/de\/#\/schema\/logo\/image\/","url":"https:\/\/analemma-water.nl\/wp-content\/uploads\/cropped-favicon-1.png","contentUrl":"https:\/\/analemma-water.nl\/wp-content\/uploads\/cropped-favicon-1.png","width":512,"height":512,"caption":"Analemma Water"},"image":{"@id":"https:\/\/analemma-water.nl\/de\/#\/schema\/logo\/image\/"}}]}},"_links":{"self":[{"href":"https:\/\/analemma-water.nl\/de\/wp-json\/wp\/v2\/product\/408","targetHints":{"allow":["GET"]}}],"collection":[{"href":"https:\/\/analemma-water.nl\/de\/wp-json\/wp\/v2\/product"}],"about":[{"href":"https:\/\/analemma-water.nl\/de\/wp-json\/wp\/v2\/types\/product"}],"wp:featuredmedia":[{"embeddable":true,"href":"https:\/\/analemma-water.nl\/de\/wp-json\/wp\/v2\/media\/1135"}],"wp:attachment":[{"href":"https:\/\/analemma-water.nl\/de\/wp-json\/wp\/v2\/media?parent=408"}],"wp:term":[{"taxonomy":"product_brand","embeddable":true,"href":"https:\/\/analemma-water.nl\/de\/wp-json\/wp\/v2\/product_brand?post=408"},{"taxonomy":"product_cat","embeddable":true,"href":"https:\/\/analemma-water.nl\/de\/wp-json\/wp\/v2\/product_cat?post=408"},{"taxonomy":"product_tag","embeddable":true,"href":"https:\/\/analemma-water.nl\/de\/wp-json\/wp\/v2\/product_tag?post=408"}],"curies":[{"name":"wp","href":"https:\/\/api.w.org\/{rel}","templated":true}]}}